{"id":500,"date":"2017-06-16T03:14:55","date_gmt":"2017-06-16T03:14:55","guid":{"rendered":"http:\/\/marvitsena.com\/?page_id=500"},"modified":"2022-02-15T00:46:36","modified_gmt":"2022-02-15T00:46:36","slug":"iletisim","status":"publish","type":"page","link":"https:\/\/www.saglamprefabrikist.com\/en\/iletisim\/","title":{"rendered":"CONTACT"},"content":{"rendered":"<body><p>[vc_row][vc_column][vc_empty_space][\/vc_column][\/vc_row][vc_row][vc_column][vc_column_text]<strong>CONTACT<\/strong><\/p>\n<p><iframe loading=\"lazy\" style=\"border: 0;\" src=\"https:\/\/www.google.com\/maps\/embed?pb=!1m14!1m8!1m3!1d6035.141609396928!2d29.273415000000004!3d40.85934600000001!3m2!1i1024!2i768!4f13.1!3m3!1m2!1s0x14cadc8b7bb6191f%3A0xe50e12ec4a275410!2zR8O8emVseWFsxLEsIFNhaGlsIEJsdiBObzo3OSwgMzQ5MDMgUGVuZGlrL8Swc3RhbmJ1bA!5e0!3m2!1str!2str!4v1644885824572!5m2!1str!2str\" width=\"100%\" height=\"450\" allowfullscreen=\"allowfullscreen\"><span data-mce-type=\"bookmark\" style=\"display: inline-block; width: 0px; overflow: hidden; line-height: 0;\" class=\"mce_SELRES_start\">\ufeff<\/span><\/iframe><\/p>\n<p><strong>Address: <\/strong>G\u00fczelyal\u0131 Mahallesi Sahil Bulvar\u0131 Cadde 79\/2 Pendik, \u0130stanbul<\/p>\n<p><strong>Gsm<\/strong>: +90 (532) 376 41 39<\/p>\n<p><strong>Gsm<\/strong>: +90 (552) 461 41 38<\/p>\n<p><strong>Phone<\/strong>: +90 (216) 375 70 78<\/p>\n<p><strong>Mail<\/strong>: info@saglamprefabrikist.com[\/vc_column_text][\/vc_column][\/vc_row]<\/p>\n<\/body>","protected":false},"excerpt":{"rendered":"<p>[vc_row][vc_column][vc_empty_space][\/vc_column][\/vc_row][vc_row][vc_column][vc_column_text]CONTACT \ufeff Address: G\u00fczelyal\u0131 Mahallesi Sahil Bulvar\u0131 Cadde 79\/2 Pendik, \u0130stanbul Gsm: +90 (532) 376 41 39 Gsm: +90 (552) 461 41 38 Phone: +90 (216) 375 70 78 Mail: info@saglamprefabrikist.com[\/vc_column_text][\/vc_column][\/vc_row]<\/p>\n","protected":false},"author":1,"featured_media":0,"parent":0,"menu_order":0,"comment_status":"closed","ping_status":"closed","template":"","meta":{"om_disable_all_campaigns":false,"_monsterinsights_skip_tracking":false,"_monsterinsights_sitenote_active":false,"_monsterinsights_sitenote_note":"","_monsterinsights_sitenote_category":0,"footnotes":""},"class_list":["post-500","page","type-page","status-publish","hentry","no-post-thumbnail"],"_links":{"self":[{"href":"https:\/\/www.saglamprefabrikist.com\/en\/wp-json\/wp\/v2\/pages\/500"}],"collection":[{"href":"https:\/\/www.saglamprefabrikist.com\/en\/wp-json\/wp\/v2\/pages"}],"about":[{"href":"https:\/\/www.saglamprefabrikist.com\/en\/wp-json\/wp\/v2\/types\/page"}],"author":[{"embeddable":true,"href":"https:\/\/www.saglamprefabrikist.com\/en\/wp-json\/wp\/v2\/users\/1"}],"replies":[{"embeddable":true,"href":"https:\/\/www.saglamprefabrikist.com\/en\/wp-json\/wp\/v2\/comments?post=500"}],"version-history":[{"count":16,"href":"https:\/\/www.saglamprefabrikist.com\/en\/wp-json\/wp\/v2\/pages\/500\/revisions"}],"predecessor-version":[{"id":1274,"href":"https:\/\/www.saglamprefabrikist.com\/en\/wp-json\/wp\/v2\/pages\/500\/revisions\/1274"}],"wp:attachment":[{"href":"https:\/\/www.saglamprefabrikist.com\/en\/wp-json\/wp\/v2\/media?parent=500"}],"curies":[{"name":"wp","href":"https:\/\/api.w.org\/{rel}","templated":true}]}}