{"id":2,"date":"2016-04-11T16:05:19","date_gmt":"2016-04-11T16:05:19","guid":{"rendered":"http:\/\/marvitsena.com\/?page_id=2"},"modified":"2022-02-20T22:39:54","modified_gmt":"2022-02-20T22:39:54","slug":"home","status":"publish","type":"page","link":"https:\/\/www.saglamprefabrikist.com\/en\/","title":{"rendered":"Home"},"content":{"rendered":"<body><p>[vc_row full_width=\u201dstretch_row_content_no_spaces\u201d][vc_column]<link href=\"https:\/\/fonts.googleapis.com\/css?family=Paytone+One:400\" rel=\"stylesheet\" property=\"stylesheet\" type=\"text\/css\" media=\"all\">\n<div id=\"rev_slider_1_1_wrapper\" class=\"rev_slider_wrapper fullwidthbanner-container\" data-source=\"gallery\" style=\"margin:0px auto;background:#d8e7ef;padding:0px;margin-top:0px;margin-bottom:0px;\">\n<!-- START REVOLUTION SLIDER 5.4.5.1 fullwidth mode -->\n\t<div id=\"rev_slider_1_1\" class=\"rev_slider fullwidthabanner\" style=\"display:none;\" data-version=\"5.4.5.1\">\n<ul>\t<!-- SLIDE  -->\n\t<li data-index=\"rs-7\" data-transition=\"fade\" data-slotamount=\"default\" data-hideafterloop=\"0\" data-hideslideonmobile=\"off\"  data-easein=\"default\" data-easeout=\"default\" data-masterspeed=\"300\"  data-thumb=\"https:\/\/www.saglamprefabrikist.com\/wp-content\/uploads\/2022\/02\/slayt1-1-360x220.jpg\"  data-rotate=\"0\"  data-saveperformance=\"off\"  data-title=\"Slide\" data-param1=\"\" data-param2=\"\" data-param3=\"\" data-param4=\"\" data-param5=\"\" data-param6=\"\" data-param7=\"\" data-param8=\"\" data-param9=\"\" data-param10=\"\" data-description=\"\">\n\t\t<!-- MAIN IMAGE -->\n\t\t<img loading=\"lazy\" decoding=\"async\" src=\"https:\/\/www.saglamprefabrikist.com\/wp-content\/uploads\/2022\/02\/slayt1-1.jpg\"  alt=\"\" title=\"slayt1\"  width=\"1400\" height=\"400\" data-bgposition=\"center center\" data-bgfit=\"cover\" data-bgrepeat=\"no-repeat\" class=\"rev-slidebg\" data-no-retina>\n\t\t<!-- LAYERS -->\n\n\t\t<!-- LAYER NR. 1 -->\n\t\t<div class=\"tp-caption   tp-resizeme\" \n\t\t\t id=\"slide-7-layer-4\" \n\t\t\t data-x=\"264\" \n\t\t\t data-y=\"240\" \n\t\t\t\t\t\tdata-width=\"['auto']\"\n\t\t\tdata-height=\"['auto']\"\n \n\t\t\tdata-type=\"text\" \n\t\t\tdata-responsive_offset=\"on\" \n\n\t\t\tdata-frames='[{\"delay\":0,\"speed\":1500,\"frame\":\"0\",\"from\":\"x:-50px;opacity:0;\",\"to\":\"o:1;\",\"ease\":\"Power3.easeInOut\"},{\"delay\":\"wait\",\"speed\":300,\"frame\":\"999\",\"to\":\"opacity:0;\",\"ease\":\"Power3.easeInOut\"}]'\n\t\t\tdata-textAlign=\"['inherit','inherit','inherit','inherit']\"\n\t\t\tdata-paddingtop=\"[0,0,0,0]\"\n\t\t\tdata-paddingright=\"[0,0,0,0]\"\n\t\t\tdata-paddingbottom=\"[0,0,0,0]\"\n\t\t\tdata-paddingleft=\"[0,0,0,0]\"\n\n\t\t\tstyle=\"z-index: 5; white-space: nowrap; font-size: 40px; line-height: 40px; font-weight: 400; color: #000000; letter-spacing: 0px;font-family:Paytone One;\">Kaliteli Prefabrik Yap\u0131larla\n<br>Ya\u015fam Kalitenizi Y\u00fckseltin... <\/div>\n\n\t\t<!-- LAYER NR. 2 -->\n\t\t<div class=\"tp-caption   tp-resizeme\" \n\t\t\t id=\"slide-7-layer-6\" \n\t\t\t data-x=\"261\" \n\t\t\t data-y=\"239\" \n\t\t\t\t\t\tdata-width=\"['auto']\"\n\t\t\tdata-height=\"['auto']\"\n \n\t\t\tdata-type=\"text\" \n\t\t\tdata-responsive_offset=\"on\" \n\n\t\t\tdata-frames='[{\"delay\":0,\"speed\":1500,\"frame\":\"0\",\"from\":\"x:-50px;opacity:0;\",\"to\":\"o:1;\",\"ease\":\"Power3.easeInOut\"},{\"delay\":\"wait\",\"speed\":300,\"frame\":\"999\",\"to\":\"opacity:0;\",\"ease\":\"Power3.easeInOut\"}]'\n\t\t\tdata-textAlign=\"['inherit','inherit','inherit','inherit']\"\n\t\t\tdata-paddingtop=\"[0,0,0,0]\"\n\t\t\tdata-paddingright=\"[0,0,0,0]\"\n\t\t\tdata-paddingbottom=\"[0,0,0,0]\"\n\t\t\tdata-paddingleft=\"[0,0,0,0]\"\n\n\t\t\tstyle=\"z-index: 6; white-space: nowrap; font-size: 40px; line-height: 40px; font-weight: 400; color: #ffffff; letter-spacing: 0px;font-family:Paytone One;\">Kaliteli Prefabrik Yap\u0131larla\n<br>Ya\u015fam Kalitenizi Y\u00fckseltin... <\/div>\n\t<\/li>\n\t<!-- SLIDE  -->\n\t<li data-index=\"rs-9\" data-transition=\"fade\" data-slotamount=\"default\" data-hideafterloop=\"0\" data-hideslideonmobile=\"off\"  data-easein=\"default\" data-easeout=\"default\" data-masterspeed=\"300\"  data-thumb=\"https:\/\/www.saglamprefabrikist.com\/wp-content\/uploads\/2022\/02\/slayt2-2-360x220.jpg\"  data-rotate=\"0\"  data-saveperformance=\"off\"  data-title=\"Slide\" data-param1=\"\" data-param2=\"\" data-param3=\"\" data-param4=\"\" data-param5=\"\" data-param6=\"\" data-param7=\"\" data-param8=\"\" data-param9=\"\" data-param10=\"\" data-description=\"\">\n\t\t<!-- MAIN IMAGE -->\n\t\t<img loading=\"lazy\" decoding=\"async\" src=\"https:\/\/www.saglamprefabrikist.com\/wp-content\/uploads\/2022\/02\/slayt2-2.jpg\"  alt=\"\" title=\"slayt2\"  width=\"1400\" height=\"400\" data-bgposition=\"center center\" data-bgfit=\"cover\" data-bgrepeat=\"no-repeat\" class=\"rev-slidebg\" data-no-retina>\n\t\t<!-- LAYERS -->\n\n\t\t<!-- LAYER NR. 3 -->\n\t\t<div class=\"tp-caption   tp-resizeme\" \n\t\t\t id=\"slide-9-layer-4\" \n\t\t\t data-x=\"264\" \n\t\t\t data-y=\"240\" \n\t\t\t\t\t\tdata-width=\"['auto']\"\n\t\t\tdata-height=\"['auto']\"\n \n\t\t\tdata-type=\"text\" \n\t\t\tdata-responsive_offset=\"on\" \n\n\t\t\tdata-frames='[{\"delay\":10,\"speed\":1500,\"frame\":\"0\",\"from\":\"x:-50px;opacity:0;\",\"to\":\"o:1;\",\"ease\":\"Power3.easeInOut\"},{\"delay\":\"wait\",\"speed\":300,\"frame\":\"999\",\"to\":\"opacity:0;\",\"ease\":\"Power3.easeInOut\"}]'\n\t\t\tdata-textAlign=\"['inherit','inherit','inherit','inherit']\"\n\t\t\tdata-paddingtop=\"[0,0,0,0]\"\n\t\t\tdata-paddingright=\"[0,0,0,0]\"\n\t\t\tdata-paddingbottom=\"[0,0,0,0]\"\n\t\t\tdata-paddingleft=\"[0,0,0,0]\"\n\n\t\t\tstyle=\"z-index: 5; white-space: nowrap; font-size: 40px; line-height: 40px; font-weight: 400; color: #000000; letter-spacing: 0px;font-family:Paytone One;\">Tek Katl\u0131 ve Dubleks\n<br>L\u00fcks Prefabrik Evler... <\/div>\n\n\t\t<!-- LAYER NR. 4 -->\n\t\t<div class=\"tp-caption   tp-resizeme\" \n\t\t\t id=\"slide-9-layer-6\" \n\t\t\t data-x=\"261\" \n\t\t\t data-y=\"237\" \n\t\t\t\t\t\tdata-width=\"['auto']\"\n\t\t\tdata-height=\"['auto']\"\n \n\t\t\tdata-type=\"text\" \n\t\t\tdata-responsive_offset=\"on\" \n\n\t\t\tdata-frames='[{\"delay\":10,\"speed\":1500,\"frame\":\"0\",\"from\":\"x:-50px;opacity:0;\",\"to\":\"o:1;\",\"ease\":\"Power3.easeInOut\"},{\"delay\":\"wait\",\"speed\":300,\"frame\":\"999\",\"to\":\"opacity:0;\",\"ease\":\"Power3.easeInOut\"}]'\n\t\t\tdata-textAlign=\"['inherit','inherit','inherit','inherit']\"\n\t\t\tdata-paddingtop=\"[0,0,0,0]\"\n\t\t\tdata-paddingright=\"[0,0,0,0]\"\n\t\t\tdata-paddingbottom=\"[0,0,0,0]\"\n\t\t\tdata-paddingleft=\"[0,0,0,0]\"\n\n\t\t\tstyle=\"z-index: 6; white-space: nowrap; font-size: 40px; line-height: 40px; font-weight: 400; color: #ffffff; letter-spacing: 0px;font-family:Paytone One;\">Tek Katl\u0131 ve Dubleks\n<br>L\u00fcks Prefabrik Evler... <\/div>\n\t<\/li>\n\t<!-- SLIDE  -->\n\t<li data-index=\"rs-10\" data-transition=\"fade\" data-slotamount=\"default\" data-hideafterloop=\"0\" data-hideslideonmobile=\"off\"  data-easein=\"default\" data-easeout=\"default\" data-masterspeed=\"300\"  data-thumb=\"https:\/\/www.saglamprefabrikist.com\/wp-content\/uploads\/2022\/02\/slayt3-360x220.jpg\"  data-rotate=\"0\"  data-saveperformance=\"off\"  data-title=\"Slide\" data-param1=\"\" data-param2=\"\" data-param3=\"\" data-param4=\"\" data-param5=\"\" data-param6=\"\" data-param7=\"\" data-param8=\"\" data-param9=\"\" data-param10=\"\" data-description=\"\">\n\t\t<!-- MAIN IMAGE -->\n\t\t<img loading=\"lazy\" decoding=\"async\" src=\"https:\/\/www.saglamprefabrikist.com\/wp-content\/uploads\/2022\/02\/slayt3.jpg\"  alt=\"\" title=\"slayt3\"  width=\"1400\" height=\"400\" data-bgposition=\"center center\" data-bgfit=\"cover\" data-bgrepeat=\"no-repeat\" class=\"rev-slidebg\" data-no-retina>\n\t\t<!-- LAYERS -->\n\n\t\t<!-- LAYER NR. 5 -->\n\t\t<div class=\"tp-caption   tp-resizeme\" \n\t\t\t id=\"slide-10-layer-4\" \n\t\t\t data-x=\"264\" \n\t\t\t data-y=\"240\" \n\t\t\t\t\t\tdata-width=\"['auto']\"\n\t\t\tdata-height=\"['auto']\"\n \n\t\t\tdata-type=\"text\" \n\t\t\tdata-responsive_offset=\"on\" \n\n\t\t\tdata-frames='[{\"delay\":10,\"speed\":1500,\"frame\":\"0\",\"from\":\"x:-50px;opacity:0;\",\"to\":\"o:1;\",\"ease\":\"Power3.easeInOut\"},{\"delay\":\"wait\",\"speed\":300,\"frame\":\"999\",\"to\":\"opacity:0;\",\"ease\":\"Power3.easeInOut\"}]'\n\t\t\tdata-textAlign=\"['inherit','inherit','inherit','inherit']\"\n\t\t\tdata-paddingtop=\"[0,0,0,0]\"\n\t\t\tdata-paddingright=\"[0,0,0,0]\"\n\t\t\tdata-paddingbottom=\"[0,0,0,0]\"\n\t\t\tdata-paddingleft=\"[0,0,0,0]\"\n\n\t\t\tstyle=\"z-index: 5; white-space: nowrap; font-size: 40px; line-height: 40px; font-weight: 400; color: #000000; letter-spacing: 0px;font-family:Paytone One;\">\u015eantiye Ve Prefabrik Kamp\n<br>Yap\u0131lar\u0131 <\/div>\n\n\t\t<!-- LAYER NR. 6 -->\n\t\t<div class=\"tp-caption   tp-resizeme\" \n\t\t\t id=\"slide-10-layer-6\" \n\t\t\t data-x=\"261\" \n\t\t\t data-y=\"237\" \n\t\t\t\t\t\tdata-width=\"['auto']\"\n\t\t\tdata-height=\"['auto']\"\n \n\t\t\tdata-type=\"text\" \n\t\t\tdata-responsive_offset=\"on\" \n\n\t\t\tdata-frames='[{\"delay\":10,\"speed\":1500,\"frame\":\"0\",\"from\":\"x:-50px;opacity:0;\",\"to\":\"o:1;\",\"ease\":\"Power3.easeInOut\"},{\"delay\":\"wait\",\"speed\":300,\"frame\":\"999\",\"to\":\"opacity:0;\",\"ease\":\"Power3.easeInOut\"}]'\n\t\t\tdata-textAlign=\"['inherit','inherit','inherit','inherit']\"\n\t\t\tdata-paddingtop=\"[0,0,0,0]\"\n\t\t\tdata-paddingright=\"[0,0,0,0]\"\n\t\t\tdata-paddingbottom=\"[0,0,0,0]\"\n\t\t\tdata-paddingleft=\"[0,0,0,0]\"\n\n\t\t\tstyle=\"z-index: 6; white-space: nowrap; font-size: 40px; line-height: 40px; font-weight: 400; color: #ffffff; letter-spacing: 0px;font-family:Paytone One;\">\u015eantiye Ve Prefabrik Kamp\n<br>Yap\u0131lar\u0131 <\/div>\n\t<\/li>\n<\/ul>\n<script>var htmlDiv = document.getElementById(\"rs-plugin-settings-inline-css\"); var htmlDivCss=\"\";\r\n\t\t\t\t\t\tif(htmlDiv) {\r\n\t\t\t\t\t\t\thtmlDiv.innerHTML = htmlDiv.innerHTML + htmlDivCss;\r\n\t\t\t\t\t\t}else{\r\n\t\t\t\t\t\t\tvar htmlDiv = document.createElement(\"div\");\r\n\t\t\t\t\t\t\thtmlDiv.innerHTML = \"<style>\" + htmlDivCss + \"<\/style>\";\r\n\t\t\t\t\t\t\tdocument.getElementsByTagName(\"head\")[0].appendChild(htmlDiv.childNodes[0]);\r\n\t\t\t\t\t\t}\r\n\t\t\t\t\t<\/script>\n<div class=\"tp-bannertimer tp-bottom\" style=\"visibility: hidden !important;\"><\/div>\t<\/div>\n<script>var htmlDiv = document.getElementById(\"rs-plugin-settings-inline-css\"); var htmlDivCss=\"\";\r\n\t\t\t\tif(htmlDiv) {\r\n\t\t\t\t\thtmlDiv.innerHTML = htmlDiv.innerHTML + htmlDivCss;\r\n\t\t\t\t}else{\r\n\t\t\t\t\tvar htmlDiv = document.createElement(\"div\");\r\n\t\t\t\t\thtmlDiv.innerHTML = \"<style>\" + htmlDivCss + \"<\/style>\";\r\n\t\t\t\t\tdocument.getElementsByTagName(\"head\")[0].appendChild(htmlDiv.childNodes[0]);\r\n\t\t\t\t}\r\n\t\t\t<\/script>\n\t\t<script type=\"text\/javascript\">\r\nsetREVStartSize({c: jQuery('#rev_slider_1_1'), gridwidth: [1110], gridheight: [400], sliderLayout: 'fullwidth'});\r\n\t\t\t\r\nvar revapi1,\r\n\ttpj=jQuery;\r\n\t\t\t\r\ntpj(document).ready(function() {\n\tif(tpj(\"#rev_slider_1_1\").revolution == undefined){\n\t\trevslider_showDoubleJqueryError(\"#rev_slider_1_1\");\n\t}else{\n\t\trevapi1 = tpj(\"#rev_slider_1_1\").show().revolution({\n\t\t\tsliderType:\"standard\",\n\t\t\tjsFileLocation:\"\/\/www.saglamprefabrikist.com\/wp-content\/plugins\/revslider\/public\/assets\/js\/\",\n\t\t\tsliderLayout:\"fullwidth\",\n\t\t\tdottedOverlay:\"none\",\n\t\t\tdelay:9000,\n\t\t\tnavigation: {\n\t\t\t\tkeyboardNavigation:\"off\",\n\t\t\t\tkeyboard_direction: \"horizontal\",\n\t\t\t\tmouseScrollNavigation:\"off\",\n \t\t\t\t\t\t\tmouseScrollReverse:\"default\",\n\t\t\t\tonHoverStop:\"off\",\n\t\t\t\tarrows: {\n\t\t\t\t\tstyle:\"gyges\",\n\t\t\t\t\tenable:true,\n\t\t\t\t\thide_onmobile:false,\n\t\t\t\t\thide_onleave:true,\n\t\t\t\t\thide_delay:200,\n\t\t\t\t\thide_delay_mobile:1200,\n\t\t\t\t\ttmp:'',\n\t\t\t\t\tleft: {\n\t\t\t\t\t\th_align:\"left\",\n\t\t\t\t\t\tv_align:\"center\",\n\t\t\t\t\t\th_offset:20,\n\t\t\t\t\t\tv_offset:0\n\t\t\t\t\t},\n\t\t\t\t\tright: {\n\t\t\t\t\t\th_align:\"right\",\n\t\t\t\t\t\tv_align:\"center\",\n\t\t\t\t\t\th_offset:20,\n\t\t\t\t\t\tv_offset:0\n\t\t\t\t\t}\n\t\t\t\t}\n\t\t\t},\n\t\t\tvisibilityLevels:[1240,1024,778,480],\n\t\t\tgridwidth:1110,\n\t\t\tgridheight:400,\n\t\t\tlazyType:\"none\",\n\t\t\tshadow:0,\n\t\t\tspinner:\"spinner0\",\n\t\t\tstopLoop:\"off\",\n\t\t\tstopAfterLoops:-1,\n\t\t\tstopAtSlide:-1,\n\t\t\tshuffle:\"off\",\n\t\t\tautoHeight:\"off\",\n\t\t\tdisableProgressBar:\"on\",\n\t\t\thideThumbsOnMobile:\"off\",\n\t\t\thideSliderAtLimit:0,\n\t\t\thideCaptionAtLimit:0,\n\t\t\thideAllCaptionAtLilmit:0,\n\t\t\tdebugMode:false,\n\t\t\tfallbacks: {\n\t\t\t\tsimplifyAll:\"off\",\n\t\t\t\tnextSlideOnWindowFocus:\"off\",\n\t\t\t\tdisableFocusListener:false,\n\t\t\t}\n\t\t});\n\t}\n\t\n});\t\/*ready*\/\n<\/script>\r\n\t\t<\/div><!-- END REVOLUTION SLIDER -->[\/vc_column][\/vc_row][vc_row][vc_column][vc_empty_space][vc_text_separator title=\u201dQUALITY PREFABRICATED HOUSES\u2026\u201d color=\u201dblack\u201d][vc_empty_space][\/vc_column][\/vc_row][vc_row][vc_column][vc_column_text]<\/p>\n<p>As Sa\u011flam Prefabrik \u00c7elik, our first goal is to create living spaces by prioritizing customer satisfaction without sacrificing quality. Our company is an experienced company with 20 years of success. We provide services to our valued customers with quality work and economical prices.<\/p>\n<p>[\/vc_column_text][vc_empty_space][\/vc_column][\/vc_row][vc_row css=\u201d.vc_custom_1460521049287{margin-bottom: 20px !important;}\u201d][vc_column width=\u201d1\/3\u2033]\n<!-- BEGIN .imagebox -->\n<div class=\"imagebox  \">\n\t<div class=\"box-wrapper\">\n\t\t\t\t\t\n\t\t\t<div class=\"box-image\">\n\t\t\t\t<a href=\"https:\/\/saglamprefabrikist.com\/hakkimizda\/\" target=\"_self\"><img loading=\"lazy\" decoding=\"async\" width=\"350\" height=\"250\" src=\"https:\/\/www.saglamprefabrikist.com\/wp-content\/uploads\/2022\/02\/1.jpg\" class=\"attachment-full\" alt=\"\" srcset=\"https:\/\/www.saglamprefabrikist.com\/wp-content\/uploads\/2022\/02\/1.jpg 350w, https:\/\/www.saglamprefabrikist.com\/wp-content\/uploads\/2022\/02\/1-300x214.jpg 300w\" sizes=\"(max-width: 350px) 100vw, 350px\" \/><\/a>\t\t\t<\/div>\n\n\t\t\n\t\t<div class=\"box-header\">\n\t\t\t<h3 class=\"box-title\">\n\t\t\t\t<a href=\"https:\/\/saglamprefabrikist.com\/hakkimizda\/\" target=\"_self\">\n\t\t\t\t\tPLAN AND DESIGN\t\t\t\t<\/a>\t\n\t\t\t<\/h3>\n\n\t\t\t\t\t<\/div>\n\n\t\t<div class=\"box-content\">\n\t\t\t\t\t\t\n\t\t\t\t\t<\/div>\n\t<\/div>\n<\/div>\n<!-- End .imagebox -->\n[vc_empty_space height=\u201d30px\u201d][\/vc_column][vc_column width=\u201d1\/3\u2033]\n<!-- BEGIN .imagebox -->\n<div class=\"imagebox  \">\n\t<div class=\"box-wrapper\">\n\t\t\t\t\t\n\t\t\t<div class=\"box-image\">\n\t\t\t\t<a href=\"https:\/\/saglamprefabrikist.com\/vizyonumuz\/\" target=\"_self\"><img loading=\"lazy\" decoding=\"async\" width=\"350\" height=\"250\" src=\"https:\/\/www.saglamprefabrikist.com\/wp-content\/uploads\/2022\/02\/2.jpg\" class=\"attachment-full\" alt=\"\" srcset=\"https:\/\/www.saglamprefabrikist.com\/wp-content\/uploads\/2022\/02\/2.jpg 350w, https:\/\/www.saglamprefabrikist.com\/wp-content\/uploads\/2022\/02\/2-300x214.jpg 300w\" sizes=\"(max-width: 350px) 100vw, 350px\" \/><\/a>\t\t\t<\/div>\n\n\t\t\n\t\t<div class=\"box-header\">\n\t\t\t<h3 class=\"box-title\">\n\t\t\t\t<a href=\"https:\/\/saglamprefabrikist.com\/vizyonumuz\/\" target=\"_self\">\n\t\t\t\t\tMANUFACTURING AND PRODUCTION\t\t\t\t<\/a>\t\n\t\t\t<\/h3>\n\n\t\t\t\t\t<\/div>\n\n\t\t<div class=\"box-content\">\n\t\t\t\t\t\t\n\t\t\t\t\t<\/div>\n\t<\/div>\n<\/div>\n<!-- End .imagebox -->\n[vc_empty_space height=\u201d30px\u201d][\/vc_column][vc_column width=\u201d1\/3\u2033]\n<!-- BEGIN .imagebox -->\n<div class=\"imagebox  \">\n\t<div class=\"box-wrapper\">\n\t\t\t\t\t\n\t\t\t<div class=\"box-image\">\n\t\t\t\t<a href=\"https:\/\/saglamprefabrikist.com\/misyonumuz\/\" target=\"_self\"><img loading=\"lazy\" decoding=\"async\" width=\"350\" height=\"250\" src=\"https:\/\/www.saglamprefabrikist.com\/wp-content\/uploads\/2022\/02\/3.jpg\" class=\"attachment-full\" alt=\"\" srcset=\"https:\/\/www.saglamprefabrikist.com\/wp-content\/uploads\/2022\/02\/3.jpg 350w, https:\/\/www.saglamprefabrikist.com\/wp-content\/uploads\/2022\/02\/3-300x214.jpg 300w\" sizes=\"(max-width: 350px) 100vw, 350px\" \/><\/a>\t\t\t<\/div>\n\n\t\t\n\t\t<div class=\"box-header\">\n\t\t\t<h3 class=\"box-title\">\n\t\t\t\t<a href=\"https:\/\/saglamprefabrikist.com\/misyonumuz\/\" target=\"_self\">\n\t\t\t\t\tLOADING AND LOGISTICS\t\t\t\t<\/a>\t\n\t\t\t<\/h3>\n\n\t\t\t\t\t<\/div>\n\n\t\t<div class=\"box-content\">\n\t\t\t\t\t\t\n\t\t\t\t\t<\/div>\n\t<\/div>\n<\/div>\n<!-- End .imagebox -->\n[vc_empty_space height=\u201d30px\u201d][\/vc_column][\/vc_row][vc_row css=\u201d.vc_custom_1460521049287{margin-bottom: 20px !important;}\u201d][vc_column width=\u201d1\/3\u2033]\n<!-- BEGIN .imagebox -->\n<div class=\"imagebox  \">\n\t<div class=\"box-wrapper\">\n\t\t\t\t\t\n\t\t\t<div class=\"box-image\">\n\t\t\t\t<a href=\"https:\/\/saglamprefabrikist.com\/hakkimizda\/\" target=\"_self\"><img loading=\"lazy\" decoding=\"async\" width=\"350\" height=\"250\" src=\"https:\/\/www.saglamprefabrikist.com\/wp-content\/uploads\/2022\/02\/4.jpg\" class=\"attachment-full\" alt=\"\" srcset=\"https:\/\/www.saglamprefabrikist.com\/wp-content\/uploads\/2022\/02\/4.jpg 350w, https:\/\/www.saglamprefabrikist.com\/wp-content\/uploads\/2022\/02\/4-300x214.jpg 300w\" sizes=\"(max-width: 350px) 100vw, 350px\" \/><\/a>\t\t\t<\/div>\n\n\t\t\n\t\t<div class=\"box-header\">\n\t\t\t<h3 class=\"box-title\">\n\t\t\t\t<a href=\"https:\/\/saglamprefabrikist.com\/hakkimizda\/\" target=\"_self\">\n\t\t\t\t\tPRODUCT INSTALLATION\t\t\t\t<\/a>\t\n\t\t\t<\/h3>\n\n\t\t\t\t\t<\/div>\n\n\t\t<div class=\"box-content\">\n\t\t\t\t\t\t\n\t\t\t\t\t<\/div>\n\t<\/div>\n<\/div>\n<!-- End .imagebox -->\n[vc_empty_space height=\u201d30px\u201d][\/vc_column][vc_column width=\u201d1\/3\u2033]\n<!-- BEGIN .imagebox -->\n<div class=\"imagebox  \">\n\t<div class=\"box-wrapper\">\n\t\t\t\t\t\n\t\t\t<div class=\"box-image\">\n\t\t\t\t<a href=\"https:\/\/saglamprefabrikist.com\/vizyonumuz\/\" target=\"_self\"><img loading=\"lazy\" decoding=\"async\" width=\"350\" height=\"250\" src=\"https:\/\/www.saglamprefabrikist.com\/wp-content\/uploads\/2022\/02\/5.jpg\" class=\"attachment-full\" alt=\"\" srcset=\"https:\/\/www.saglamprefabrikist.com\/wp-content\/uploads\/2022\/02\/5.jpg 350w, https:\/\/www.saglamprefabrikist.com\/wp-content\/uploads\/2022\/02\/5-300x214.jpg 300w\" sizes=\"(max-width: 350px) 100vw, 350px\" \/><\/a>\t\t\t<\/div>\n\n\t\t\n\t\t<div class=\"box-header\">\n\t\t\t<h3 class=\"box-title\">\n\t\t\t\t<a href=\"https:\/\/saglamprefabrikist.com\/vizyonumuz\/\" target=\"_self\">\n\t\t\t\t\tTECHNICAL SUPPORT\t\t\t\t<\/a>\t\n\t\t\t<\/h3>\n\n\t\t\t\t\t<\/div>\n\n\t\t<div class=\"box-content\">\n\t\t\t\t\t\t\n\t\t\t\t\t<\/div>\n\t<\/div>\n<\/div>\n<!-- End .imagebox -->\n[vc_empty_space height=\u201d30px\u201d][\/vc_column][vc_column width=\u201d1\/3\u2033]\n<!-- BEGIN .imagebox -->\n<div class=\"imagebox  \">\n\t<div class=\"box-wrapper\">\n\t\t\t\t\t\n\t\t\t<div class=\"box-image\">\n\t\t\t\t<a href=\"https:\/\/saglamprefabrikist.com\/misyonumuz\/\" target=\"_self\"><img loading=\"lazy\" decoding=\"async\" width=\"350\" height=\"250\" src=\"https:\/\/www.saglamprefabrikist.com\/wp-content\/uploads\/2022\/02\/6.jpg\" class=\"attachment-full\" alt=\"\" srcset=\"https:\/\/www.saglamprefabrikist.com\/wp-content\/uploads\/2022\/02\/6.jpg 350w, https:\/\/www.saglamprefabrikist.com\/wp-content\/uploads\/2022\/02\/6-300x214.jpg 300w\" sizes=\"(max-width: 350px) 100vw, 350px\" \/><\/a>\t\t\t<\/div>\n\n\t\t\n\t\t<div class=\"box-header\">\n\t\t\t<h3 class=\"box-title\">\n\t\t\t\t<a href=\"https:\/\/saglamprefabrikist.com\/misyonumuz\/\" target=\"_self\">\n\t\t\t\t\tAFTER SALES SERVICE\t\t\t\t<\/a>\t\n\t\t\t<\/h3>\n\n\t\t\t\t\t<\/div>\n\n\t\t<div class=\"box-content\">\n\t\t\t\t\t\t\n\t\t\t\t\t<\/div>\n\t<\/div>\n<\/div>\n<!-- End .imagebox -->\n[vc_empty_space height=\u201d30px\u201d][\/vc_column][\/vc_row][vc_row full_width=\u201dstretch_row\u201d css=\u201d.vc_custom_1460567613213{padding-top: 40px !important;background-color: #20242e !important;}\u201d][vc_column][vc_row_inner][vc_column_inner width=\u201d1\/2\u2033][vc_column_text]<\/p>\n<p>Sa\u011flam Prefabrik Yap\u0131<\/p>\n<p>[\/vc_column_text][vc_empty_space height=\u201d15px\u201d][vc_column_text]<\/p>\n<p>For a Solid and Safe Life\u2026<\/p>\n<p>As Sa\u011flam prefabricated steel, our first goal is to create living spaces by prioritizing customer satisfaction without sacrificing quality. Our company is an experienced company with 20 years of success. We provide services to our valued customers with quality work and economical prices.<br>\nOur fields of activity consist of the manufacturing and installation of light steel structures, prefabricated structures, modular cafe and buffet containers, steel factories in facilities, warehouse hangars. Work with us for professional designs prepared with high quality and fast workmanship that our expert teams in the field will present to our valued customers and be satisfied with the results. During our production, respect for the environment, nature and people is kept in the foreground.[\/vc_column_text][\/vc_column_inner][vc_column_inner width=\u201d1\/2\u2033][vc_column_text]<\/p>\n<p>MULTIMEDIA<\/p>\n<p>[\/vc_column_text][vc_empty_space height=\u201d50px\u201d][vc_column_text]<a id=\"69e22d8eb4054\" rel=\"wp-video-lightbox\" href=\"https:\/\/www.youtube.com\/watch?v=y6Sb0K6R3BY&#038;width=540&#038;height=406\" title=\"\"><img decoding=\"async\" src=\"https:\/\/saglamprefabrikist.com\/wp-content\/uploads\/2022\/02\/banner.jpg\" class=\"video_lightbox_anchor_image\" alt=\"\" \/><\/a>    <script>\r\n    \/* <![CDATA[ *\/\r\n    jQuery(document).ready(function($){\r\n        $(function(){\r\n            var width = $(window).innerWidth();\r\n            var setwidth = parseFloat(540);\r\n            var ratio = parseFloat(0.75185185185185);\r\n            var height = parseFloat(406);\r\n            var link = 'https:\/\/www.youtube.com\/watch?v=y6Sb0K6R3BY&amp;width=540&amp;height=406';\r\n            if(width < setwidth)\r\n            {\r\n                height = Math.floor(width * 0.75185185185185);\r\n                \/\/console.log(\"device width \"+width+\", set width \"+540+\", ratio \"+0.75185185185185+\", new height \"+ height);\r\n                var new_url = wpvl_paramReplace('width', link, width);\r\n                var new_url = wpvl_paramReplace('height', new_url, height);\r\n                $(\"a#69e22d8eb4054\").attr('href', new_url);\r\n                \/\/console.log(new_url);\r\n            }\r\n        });\r\n    });\r\n    \/* ]]> *\/\r\n    <\/script>[\/vc_column_text][vc_empty_space height=\u201d20px\u201d][\/vc_column_inner][\/vc_row_inner][vc_separator color=\u201dcustom\u201d accent_color=\u201drgba(241,242,248,0.1)\u201d][\/vc_column][\/vc_row]<\/p>\n<\/body>","protected":false},"excerpt":{"rendered":"<p>[vc_row full_width=\u201dstretch_row_content_no_spaces\u201d][vc_column] Kaliteli Prefabrik Yap\u0131larla Ya\u015fam Kalitenizi Y\u00fckseltin&#8230; Kaliteli Prefabrik Yap\u0131larla Ya\u015fam Kalitenizi Y\u00fckseltin&#8230; Tek Katl\u0131 ve Dubleks L\u00fcks Prefabrik Evler&#8230; Tek Katl\u0131 ve Dubleks L\u00fcks Prefabrik Evler&#8230; \u015eantiye Ve Prefabrik Kamp Yap\u0131lar\u0131 \u015eantiye Ve Prefabrik Kamp Yap\u0131lar\u0131 [\/vc_column][\/vc_row][vc_row][vc_column][vc_empty_space][vc_text_separator title=\u201dQUALITY PREFABRICATED HOUSES\u2026\u201d color=\u201dblack\u201d][vc_empty_space][\/vc_column][\/vc_row][vc_row][vc_column][vc_column_text] As Sa\u011flam Prefabrik \u00c7elik, our first goal is to create living spaces [&hellip;]<\/p>\n","protected":false},"author":1,"featured_media":0,"parent":0,"menu_order":0,"comment_status":"closed","ping_status":"open","template":"","meta":{"om_disable_all_campaigns":false,"_monsterinsights_skip_tracking":false,"_monsterinsights_sitenote_active":false,"_monsterinsights_sitenote_note":"","_monsterinsights_sitenote_category":0,"footnotes":""},"class_list":["post-2","page","type-page","status-publish","hentry","no-post-thumbnail"],"_links":{"self":[{"href":"https:\/\/www.saglamprefabrikist.com\/en\/wp-json\/wp\/v2\/pages\/2"}],"collection":[{"href":"https:\/\/www.saglamprefabrikist.com\/en\/wp-json\/wp\/v2\/pages"}],"about":[{"href":"https:\/\/www.saglamprefabrikist.com\/en\/wp-json\/wp\/v2\/types\/page"}],"author":[{"embeddable":true,"href":"https:\/\/www.saglamprefabrikist.com\/en\/wp-json\/wp\/v2\/users\/1"}],"replies":[{"embeddable":true,"href":"https:\/\/www.saglamprefabrikist.com\/en\/wp-json\/wp\/v2\/comments?post=2"}],"version-history":[{"count":61,"href":"https:\/\/www.saglamprefabrikist.com\/en\/wp-json\/wp\/v2\/pages\/2\/revisions"}],"predecessor-version":[{"id":1728,"href":"https:\/\/www.saglamprefabrikist.com\/en\/wp-json\/wp\/v2\/pages\/2\/revisions\/1728"}],"wp:attachment":[{"href":"https:\/\/www.saglamprefabrikist.com\/en\/wp-json\/wp\/v2\/media?parent=2"}],"curies":[{"name":"wp","href":"https:\/\/api.w.org\/{rel}","templated":true}]}}