{"id":1682,"date":"2022-02-17T01:12:54","date_gmt":"2022-02-17T01:12:54","guid":{"rendered":"https:\/\/makrobilisim.net\/demo\/saglam\/?page_id=1682"},"modified":"2022-02-19T01:56:04","modified_gmt":"2022-02-19T01:56:04","slug":"dublex-celik-yapi","status":"publish","type":"page","link":"https:\/\/www.saglamprefabrikist.com\/en\/dublex-celik-yapi\/","title":{"rendered":"DUBLEX STEEL STRUCTURE"},"content":{"rendered":"<body><p><\/p>[vc_row][vc_column][vc_empty_space][\/vc_column][\/vc_row][vc_row][vc_column width=\u201d2\/3\u2033][vc_column_text]<img decoding=\"async\" class=\"alignnone size-full wp-image-1683\" src=\"https:\/\/makrobilisim.net\/demo\/saglam\/wp-content\/uploads\/2022\/02\/celik-yapi-1.jpg\" alt=\"\" width=\"617\" height=\"297\" loading=\"lazy\" srcset=\"https:\/\/www.saglamprefabrikist.com\/wp-content\/uploads\/2022\/02\/celik-yapi-1.jpg 617w, https:\/\/www.saglamprefabrikist.com\/wp-content\/uploads\/2022\/02\/celik-yapi-1-300x144.jpg 300w, https:\/\/www.saglamprefabrikist.com\/wp-content\/uploads\/2022\/02\/celik-yapi-1-555x267.jpg 555w, https:\/\/www.saglamprefabrikist.com\/wp-content\/uploads\/2022\/02\/celik-yapi-1-600x289.jpg 600w\" sizes=\"(max-width: 617px) 100vw, 617px\" \/>\n<p>Steel Structure Solutions. The usage areas of steel structures are places such as workshops, warehouses, hangars, maintenance areas. Self loads and steel calculations are important in such structures. The assembly of steel structures, whose drawings and details are prepared for production by our expert and experienced technical team, is also carried out by our expert assembly staff. Working with us for quality and affordable steel structures will provide you with all kinds of gains. If you want to get detailed information about steel structure installation, please contact us immediately.[\/vc_column_text][\/vc_column][vc_column width=\u201d1\/3\u2033 css=\u201d.vc_custom_1497581350887{border-left-width: 1px !important;border-left-color: #afafaf !important;border-left-style: dotted !important;}\u201d][vc_column_text]<strong><img decoding=\"async\" class=\"alignnone size-full wp-image-1209\" src=\"https:\/\/makrobilisim.net\/demo\/saglam\/wp-content\/uploads\/2022\/02\/banner2-1.jpg\" alt=\"\" width=\"335\" height=\"300\" loading=\"lazy\" srcset=\"https:\/\/www.saglamprefabrikist.com\/wp-content\/uploads\/2022\/02\/banner2-1.jpg 335w, https:\/\/www.saglamprefabrikist.com\/wp-content\/uploads\/2022\/02\/banner2-1-300x269.jpg 300w\" sizes=\"(max-width: 335px) 100vw, 335px\" \/><\/strong><\/p>\n<p><strong>Address:<\/strong><br>\nG\u00fczelyal\u0131 Mahallesi Sahil Bulvar\u0131 Cadde 79\/2 Pendik, \u0130stanbul<\/p>\n<p><strong>Gsm:<br>\n<\/strong>+90 (532) 376 41 39<\/p>\n<p><strong>Mail:<br>\n<\/strong>info@saglamprefabrikist.com[\/vc_column_text][\/vc_column][\/vc_row][vc_row][vc_column][vc_empty_space][vc_text_separator title=\u201dDUBLEX STEEL STRUCTURE AND PLANS\u201d color=\u201dpeacoc\u201d][\/vc_column][\/vc_row][vc_row][vc_column width=\u201d1\/3\u2033][vc_empty_space][vc_column_text]<\/p>\n<p style=\"text-align: center;\"><b>89 M\u00b2 DUBLEX LIGHT STEEL CONSTRUCTION AND ITS PLAN<\/b><\/p>\n<p>[\/vc_column_text][vc_gallery type=\u201dflexslider_slide\u201d interval=\u201d0\u2033 images=\u201d1685,1684\u2033 img_size=\u201dfull\u201d][\/vc_column][vc_column width=\u201d1\/3\u2033][vc_empty_space][vc_column_text]<\/p>\n<p style=\"text-align: center;\"><b>115 M\u00b2 DUBLEX LIGHT STEEL CONSTRUCTION AND ITS PLAN<\/b><\/p>\n<p>[\/vc_column_text][vc_gallery type=\u201dflexslider_slide\u201d interval=\u201d0\u2033 images=\u201d1687,1686\u2033 img_size=\u201dfull\u201d][\/vc_column][vc_column width=\u201d1\/3\u2033][vc_empty_space][vc_column_text]<\/p>\n<p style=\"text-align: center;\"><b>131 M\u00b2 DUBLEX LIGHT STEEL CONSTRUCTION AND ITS PLAN<\/b><\/p>\n<p>[\/vc_column_text][vc_gallery type=\u201dflexslider_slide\u201d interval=\u201d0\u2033 images=\u201d1689,1688\u2033 img_size=\u201dfull\u201d][\/vc_column][\/vc_row][vc_row][vc_column width=\u201d1\/3\u2033][vc_empty_space][vc_column_text]<\/p>\n<p style=\"text-align: center;\"><b>136 M\u00b2 DUBLEX LIGHT STEEL CONSTRUCTION AND ITS PLAN<\/b><\/p>\n<p>[\/vc_column_text][vc_gallery type=\u201dflexslider_slide\u201d interval=\u201d0\u2033 images=\u201d1690,1691\u2033 img_size=\u201dfull\u201d][\/vc_column][vc_column width=\u201d1\/3\u2033][vc_empty_space][vc_column_text]<\/p>\n<p style=\"text-align: center;\"><b>139 M\u00b2 DUBLEX LIGHT STEEL CONSTRUCTION AND ITS PLAN<\/b><\/p>\n<p>[\/vc_column_text][vc_gallery type=\u201dflexslider_slide\u201d interval=\u201d0\u2033 images=\u201d1693,1692\u2033 img_size=\u201dfull\u201d][\/vc_column][vc_column width=\u201d1\/3\u2033][vc_empty_space][vc_column_text]<\/p>\n<p style=\"text-align: center;\"><b>178 M\u00b2 DUBLEX LIGHT STEEL CONSTRUCTION AND ITS PLAN<\/b><\/p>\n<p>[\/vc_column_text][vc_gallery type=\u201dflexslider_slide\u201d interval=\u201d0\u2033 images=\u201d1694,1695\u2033 img_size=\u201dfull\u201d][\/vc_column][\/vc_row][vc_row][vc_column width=\u201d1\/3\u2033][vc_empty_space][vc_column_text]<\/p>\n<p style=\"text-align: center;\"><b>205 M\u00b2 DUBLEX LIGHT STEEL CONSTRUCTION AND ITS PLAN<\/b><\/p>\n<p>[\/vc_column_text][vc_gallery type=\u201dflexslider_slide\u201d interval=\u201d0\u2033 images=\u201d1696,1697\u2033 img_size=\u201dfull\u201d][\/vc_column][vc_column width=\u201d1\/3\u2033][vc_empty_space][vc_column_text]<\/p>\n<p style=\"text-align: center;\"><b>259 M\u00b2 DUBLEX LIGHT STEEL CONSTRUCTION AND ITS PLAN<\/b><\/p>\n<p>[\/vc_column_text][vc_gallery type=\u201dflexslider_slide\u201d interval=\u201d0\u2033 images=\u201d1698,1699\u2033 img_size=\u201dfull\u201d][\/vc_column][vc_column width=\u201d1\/3\u2033][vc_empty_space][vc_column_text]<\/p>\n<p style=\"text-align: center;\"><b>265 M\u00b2 DUBLEX LIGHT STEEL CONSTRUCTION AND ITS PLAN<\/b><\/p>\n<p>[\/vc_column_text][vc_gallery type=\u201dflexslider_slide\u201d interval=\u201d0\u2033 images=\u201d1700,1701\u2033 img_size=\u201dfull\u201d][\/vc_column][\/vc_row]<\/p>\n<\/body>","protected":false},"excerpt":{"rendered":"<p>[vc_row][vc_column][vc_empty_space][\/vc_column][\/vc_row][vc_row][vc_column width=\u201d2\/3\u2033][vc_column_text] Steel Structure Solutions. The usage areas of steel structures are places such as workshops, warehouses, hangars, maintenance areas. Self loads and steel calculations are important in such structures. The assembly of steel structures, whose drawings and details are prepared for production by our expert and experienced technical team, is also carried out by [&hellip;]<\/p>\n","protected":false},"author":1,"featured_media":0,"parent":0,"menu_order":0,"comment_status":"closed","ping_status":"closed","template":"","meta":{"om_disable_all_campaigns":false,"_monsterinsights_skip_tracking":false,"_monsterinsights_sitenote_active":false,"_monsterinsights_sitenote_note":"","_monsterinsights_sitenote_category":0,"footnotes":""},"class_list":["post-1682","page","type-page","status-publish","hentry","no-post-thumbnail"],"_links":{"self":[{"href":"https:\/\/www.saglamprefabrikist.com\/en\/wp-json\/wp\/v2\/pages\/1682"}],"collection":[{"href":"https:\/\/www.saglamprefabrikist.com\/en\/wp-json\/wp\/v2\/pages"}],"about":[{"href":"https:\/\/www.saglamprefabrikist.com\/en\/wp-json\/wp\/v2\/types\/page"}],"author":[{"embeddable":true,"href":"https:\/\/www.saglamprefabrikist.com\/en\/wp-json\/wp\/v2\/users\/1"}],"replies":[{"embeddable":true,"href":"https:\/\/www.saglamprefabrikist.com\/en\/wp-json\/wp\/v2\/comments?post=1682"}],"version-history":[{"count":2,"href":"https:\/\/www.saglamprefabrikist.com\/en\/wp-json\/wp\/v2\/pages\/1682\/revisions"}],"predecessor-version":[{"id":1721,"href":"https:\/\/www.saglamprefabrikist.com\/en\/wp-json\/wp\/v2\/pages\/1682\/revisions\/1721"}],"wp:attachment":[{"href":"https:\/\/www.saglamprefabrikist.com\/en\/wp-json\/wp\/v2\/media?parent=1682"}],"curies":[{"name":"wp","href":"https:\/\/api.w.org\/{rel}","templated":true}]}}