{"id":1644,"date":"2022-02-17T00:56:13","date_gmt":"2022-02-17T00:56:13","guid":{"rendered":"https:\/\/makrobilisim.net\/demo\/saglam\/?page_id=1644"},"modified":"2022-02-19T01:54:29","modified_gmt":"2022-02-19T01:54:29","slug":"tek-katli-hafif-celik-yapi","status":"publish","type":"page","link":"https:\/\/www.saglamprefabrikist.com\/en\/tek-katli-hafif-celik-yapi\/","title":{"rendered":"ONE STOREY LIGHT STEEL CONSTRUCTION"},"content":{"rendered":"<body><p><\/p>[vc_row][vc_column][vc_empty_space][\/vc_column][\/vc_row][vc_row][vc_column width=\u201d2\/3\u2033][vc_column_text]<img decoding=\"async\" class=\"alignnone size-full wp-image-1646\" src=\"https:\/\/makrobilisim.net\/demo\/saglam\/wp-content\/uploads\/2022\/02\/celik-yapi.jpg\" alt=\"\" width=\"640\" height=\"340\" loading=\"lazy\" srcset=\"https:\/\/www.saglamprefabrikist.com\/wp-content\/uploads\/2022\/02\/celik-yapi.jpg 640w, https:\/\/www.saglamprefabrikist.com\/wp-content\/uploads\/2022\/02\/celik-yapi-300x159.jpg 300w, https:\/\/www.saglamprefabrikist.com\/wp-content\/uploads\/2022\/02\/celik-yapi-555x295.jpg 555w, https:\/\/www.saglamprefabrikist.com\/wp-content\/uploads\/2022\/02\/celik-yapi-600x319.jpg 600w\" sizes=\"(max-width: 640px) 100vw, 640px\" \/>\n<p>Steel Structure Solutions. The usage areas of steel structures are places such as workshops, warehouses, hangars, maintenance areas. Self loads and steel calculations are important in such structures. The assembly of steel structures, whose drawings and details are prepared for production by our expert and experienced technical team, is also carried out by our expert assembly staff. Working with us for quality and affordable steel structures will provide you with all kinds of gains. If you want to get detailed information about steel structure installation, please contact us immediately.[\/vc_column_text][\/vc_column][vc_column width=\u201d1\/3\u2033 css=\u201d.vc_custom_1497581350887{border-left-width: 1px !important;border-left-color: #afafaf !important;border-left-style: dotted !important;}\u201d][vc_column_text]<strong><img decoding=\"async\" class=\"alignnone size-full wp-image-1209\" src=\"https:\/\/makrobilisim.net\/demo\/saglam\/wp-content\/uploads\/2022\/02\/banner2-1.jpg\" alt=\"\" width=\"335\" height=\"300\" loading=\"lazy\" srcset=\"https:\/\/www.saglamprefabrikist.com\/wp-content\/uploads\/2022\/02\/banner2-1.jpg 335w, https:\/\/www.saglamprefabrikist.com\/wp-content\/uploads\/2022\/02\/banner2-1-300x269.jpg 300w\" sizes=\"(max-width: 335px) 100vw, 335px\" \/><\/strong><\/p>\n<p><strong>Address:<\/strong><br>\nG\u00fczelyal\u0131 Mahallesi Sahil Bulvar\u0131 Cadde 79\/2 Pendik, \u0130stanbul<\/p>\n<p><strong>Gsm:<br>\n<\/strong>+90 (532) 376 41 39<\/p>\n<p><strong>Mail:<br>\n<\/strong>info@saglamprefabrikist.com[\/vc_column_text][\/vc_column][\/vc_row][vc_row][vc_column][vc_empty_space][vc_text_separator title=\u201dONE STOREY LIGHT STEEL CONSTRUCTIONS AND ITS\u00a0 PLANS\u201d color=\u201dpeacoc\u201d][\/vc_column][\/vc_row][vc_row][vc_column width=\u201d1\/3\u2033][vc_empty_space][vc_column_text]<\/p>\n<p style=\"text-align: center;\"><b>92 M\u00b2 ONE STOREY LIGHT STEEL CONSTRUCTION AND ITS\u00a0 PLAN<\/b><\/p>\n<p>[\/vc_column_text][vc_gallery type=\u201dflexslider_slide\u201d interval=\u201d0\u2033 images=\u201d1647,1648\u2033 img_size=\u201dfull\u201d][\/vc_column][vc_column width=\u201d1\/3\u2033][vc_empty_space][vc_column_text]<\/p>\n<p style=\"text-align: center;\"><b>109 M\u00b2 ONE STOREY LIGHT STEEL CONSTRUCTION AND ITS\u00a0 PLAN<\/b><\/p>\n<p>[\/vc_column_text][vc_gallery type=\u201dflexslider_slide\u201d interval=\u201d0\u2033 images=\u201d1652,1653\u2033 img_size=\u201dfull\u201d][\/vc_column][vc_column width=\u201d1\/3\u2033][vc_empty_space][vc_column_text]<\/p>\n<p style=\"text-align: center;\"><b>128 M\u00b2 ONE STOREY LIGHT STEEL CONSTRUCTION AND ITS\u00a0 PLAN<\/b><\/p>\n<p>[\/vc_column_text][vc_gallery type=\u201dflexslider_slide\u201d interval=\u201d0\u2033 images=\u201d1655,1654\u2033 img_size=\u201dfull\u201d][\/vc_column][\/vc_row][vc_row][vc_column width=\u201d1\/3\u2033][vc_empty_space][vc_column_text]<\/p>\n<p style=\"text-align: center;\"><b>132 M\u00b2 ONE STOREY LIGHT STEEL CONSTRUCTION AND ITS\u00a0 PLAN<\/b><\/p>\n<p>[\/vc_column_text][vc_gallery type=\u201dflexslider_slide\u201d interval=\u201d0\u2033 images=\u201d1656,1657\u2033 img_size=\u201dfull\u201d][\/vc_column][vc_column width=\u201d1\/3\u2033][vc_empty_space][vc_column_text]<\/p>\n<p style=\"text-align: center;\"><b>169 M\u00b2 ONE STOREY LIGHT STEEL CONSTRUCTION AND ITS\u00a0 PLAN<\/b><\/p>\n<p>[\/vc_column_text][vc_gallery type=\u201dflexslider_slide\u201d interval=\u201d0\u2033 images=\u201d1659,1658\u2033 img_size=\u201dfull\u201d][\/vc_column][vc_column width=\u201d1\/3\u2033][vc_empty_space][vc_column_text]<\/p>\n<p style=\"text-align: center;\"><b>172 M\u00b2 ONE STOREY LIGHT STEEL CONSTRUCTION AND ITS\u00a0 PLAN<\/b><\/p>\n<p>[\/vc_column_text][vc_gallery type=\u201dflexslider_slide\u201d interval=\u201d0\u2033 images=\u201d1661,1660\u2033 img_size=\u201dfull\u201d][\/vc_column][\/vc_row][vc_row][vc_column width=\u201d1\/3\u2033][vc_empty_space][vc_column_text]<\/p>\n<p style=\"text-align: center;\"><b>180 M\u00b2 ONE STOREY LIGHT STEEL CONSTRUCTION AND ITS\u00a0 PLAN<\/b><\/p>\n<p>[\/vc_column_text][vc_gallery type=\u201dflexslider_slide\u201d interval=\u201d0\u2033 images=\u201d1662,1663\u2033 img_size=\u201dfull\u201d][\/vc_column][vc_column width=\u201d1\/3\u2033][vc_empty_space][vc_column_text]<\/p>\n<p style=\"text-align: center;\"><b>182 M\u00b2 ONE STOREY LIGHT STEEL CONSTRUCTION AND ITS\u00a0 PLAN<\/b><\/p>\n<p>[\/vc_column_text][vc_gallery type=\u201dflexslider_slide\u201d interval=\u201d0\u2033 images=\u201d1664,1665\u2033 img_size=\u201dfull\u201d][\/vc_column][vc_column width=\u201d1\/3\u2033][vc_empty_space][vc_column_text]<\/p>\n<p style=\"text-align: center;\"><b>190 M\u00b2 ONE STOREY LIGHT STEEL CONSTRUCTION AND ITS\u00a0 PLAN<\/b><\/p>\n<p>[\/vc_column_text][vc_gallery type=\u201dflexslider_slide\u201d interval=\u201d0\u2033 images=\u201d1667,1666\u2033 img_size=\u201dfull\u201d][\/vc_column][\/vc_row][vc_row][vc_column width=\u201d1\/3\u2033][vc_empty_space][vc_column_text]<\/p>\n<p style=\"text-align: center;\"><b>192 M\u00b2 ONE STOREY LIGHT STEEL CONSTRUCTION AND ITS\u00a0 PLAN<\/b><\/p>\n<p>[\/vc_column_text][vc_gallery type=\u201dflexslider_slide\u201d interval=\u201d0\u2033 images=\u201d1668,1669\u2033 img_size=\u201dfull\u201d][\/vc_column][vc_column width=\u201d1\/3\u2033][vc_empty_space][vc_column_text]<\/p>\n<p style=\"text-align: center;\"><b>194 M\u00b2 ONE STOREY LIGHT STEEL CONSTRUCTION AND ITS\u00a0 PLAN<\/b><\/p>\n<p>[\/vc_column_text][vc_gallery type=\u201dflexslider_slide\u201d interval=\u201d0\u2033 images=\u201d1671,1670\u2033 img_size=\u201dfull\u201d][\/vc_column][vc_column width=\u201d1\/3\u2033][vc_empty_space][vc_column_text]<\/p>\n<p style=\"text-align: center;\"><b>219 M\u00b2 ONE STOREY LIGHT STEEL CONSTRUCTION AND ITS\u00a0 PLAN<\/b><\/p>\n<p>[\/vc_column_text][vc_gallery type=\u201dflexslider_slide\u201d interval=\u201d0\u2033 images=\u201d1673,1672\u2033 img_size=\u201dfull\u201d][\/vc_column][\/vc_row][vc_row][vc_column width=\u201d1\/3\u2033][vc_empty_space][vc_column_text]<\/p>\n<p style=\"text-align: center;\"><b>233 M\u00b2 ONE STOREY LIGHT STEEL CONSTRUCTION AND ITS\u00a0 PLAN<\/b><\/p>\n<p>[\/vc_column_text][vc_gallery type=\u201dflexslider_slide\u201d interval=\u201d0\u2033 images=\u201d1674,1675\u2033 img_size=\u201dfull\u201d][\/vc_column][vc_column width=\u201d1\/3\u2033][vc_empty_space][vc_column_text]<\/p>\n<p style=\"text-align: center;\"><b>237 M\u00b2 ONE STOREY LIGHT STEEL CONSTRUCTION AND ITS\u00a0 PLAN<\/b><\/p>\n<p>[\/vc_column_text][vc_gallery type=\u201dflexslider_slide\u201d interval=\u201d0\u2033 images=\u201d1676,1677\u2033 img_size=\u201dfull\u201d][\/vc_column][vc_column width=\u201d1\/3\u2033][vc_empty_space][vc_column_text]<\/p>\n<p style=\"text-align: center;\"><b>244 M\u00b2 ONE STOREY LIGHT STEEL CONSTRUCTION AND ITS\u00a0 PLAN<\/b><\/p>\n<p>[\/vc_column_text][vc_gallery type=\u201dflexslider_slide\u201d interval=\u201d0\u2033 images=\u201d1678,1679\u2033 img_size=\u201dfull\u201d][\/vc_column][\/vc_row]<\/p>\n<\/body>","protected":false},"excerpt":{"rendered":"<p>[vc_row][vc_column][vc_empty_space][\/vc_column][\/vc_row][vc_row][vc_column width=\u201d2\/3\u2033][vc_column_text] Steel Structure Solutions. The usage areas of steel structures are places such as workshops, warehouses, hangars, maintenance areas. Self loads and steel calculations are important in such structures. The assembly of steel structures, whose drawings and details are prepared for production by our expert and experienced technical team, is also carried out by [&hellip;]<\/p>\n","protected":false},"author":1,"featured_media":0,"parent":0,"menu_order":0,"comment_status":"closed","ping_status":"closed","template":"","meta":{"om_disable_all_campaigns":false,"_monsterinsights_skip_tracking":false,"_monsterinsights_sitenote_active":false,"_monsterinsights_sitenote_note":"","_monsterinsights_sitenote_category":0,"footnotes":""},"class_list":["post-1644","page","type-page","status-publish","hentry","no-post-thumbnail"],"_links":{"self":[{"href":"https:\/\/www.saglamprefabrikist.com\/en\/wp-json\/wp\/v2\/pages\/1644"}],"collection":[{"href":"https:\/\/www.saglamprefabrikist.com\/en\/wp-json\/wp\/v2\/pages"}],"about":[{"href":"https:\/\/www.saglamprefabrikist.com\/en\/wp-json\/wp\/v2\/types\/page"}],"author":[{"embeddable":true,"href":"https:\/\/www.saglamprefabrikist.com\/en\/wp-json\/wp\/v2\/users\/1"}],"replies":[{"embeddable":true,"href":"https:\/\/www.saglamprefabrikist.com\/en\/wp-json\/wp\/v2\/comments?post=1644"}],"version-history":[{"count":4,"href":"https:\/\/www.saglamprefabrikist.com\/en\/wp-json\/wp\/v2\/pages\/1644\/revisions"}],"predecessor-version":[{"id":1720,"href":"https:\/\/www.saglamprefabrikist.com\/en\/wp-json\/wp\/v2\/pages\/1644\/revisions\/1720"}],"wp:attachment":[{"href":"https:\/\/www.saglamprefabrikist.com\/en\/wp-json\/wp\/v2\/media?parent=1644"}],"curies":[{"name":"wp","href":"https:\/\/api.w.org\/{rel}","templated":true}]}}