{"id":1633,"date":"2022-02-17T00:49:07","date_gmt":"2022-02-17T00:49:07","guid":{"rendered":"https:\/\/makrobilisim.net\/demo\/saglam\/?page_id=1633"},"modified":"2022-02-17T00:49:07","modified_gmt":"2022-02-17T00:49:07","slug":"kabinler","status":"publish","type":"page","link":"https:\/\/www.saglamprefabrikist.com\/en\/kabinler\/","title":{"rendered":"CABINS"},"content":{"rendered":"<body><p><\/p>[vc_row][vc_column][vc_empty_space][\/vc_column][\/vc_row][vc_row][vc_column width=\u201d2\/3\u2033][vc_column_text]<img decoding=\"async\" class=\"alignnone size-full wp-image-1634\" src=\"https:\/\/makrobilisim.net\/demo\/saglam\/wp-content\/uploads\/2022\/02\/2-17.jpg\" alt=\"\" width=\"700\" height=\"467\" loading=\"lazy\" srcset=\"https:\/\/www.saglamprefabrikist.com\/wp-content\/uploads\/2022\/02\/2-17.jpg 700w, https:\/\/www.saglamprefabrikist.com\/wp-content\/uploads\/2022\/02\/2-17-300x200.jpg 300w, https:\/\/www.saglamprefabrikist.com\/wp-content\/uploads\/2022\/02\/2-17-555x370.jpg 555w, https:\/\/www.saglamprefabrikist.com\/wp-content\/uploads\/2022\/02\/2-17-600x400.jpg 600w\" sizes=\"(max-width: 700px) 100vw, 700px\" \/>\n<p>Modular Cabins Modular cabins are indispensable for public or private sectors. Cabins;<br>\n\u2013 Surveillance and control point<br>\n\u2013 Dashing booths<br>\n\u2013 Kiosks<br>\n\u2013 There are many places of use, such as public use WC.[\/vc_column_text][\/vc_column][vc_column width=\u201d1\/3\u2033 css=\u201d.vc_custom_1497581350887{border-left-width: 1px !important;border-left-color: #afafaf !important;border-left-style: dotted !important;}\u201d][vc_column_text]<strong><img decoding=\"async\" class=\"alignnone size-full wp-image-1209\" src=\"https:\/\/makrobilisim.net\/demo\/saglam\/wp-content\/uploads\/2022\/02\/banner2-1.jpg\" alt=\"\" width=\"335\" height=\"300\" loading=\"lazy\" srcset=\"https:\/\/www.saglamprefabrikist.com\/wp-content\/uploads\/2022\/02\/banner2-1.jpg 335w, https:\/\/www.saglamprefabrikist.com\/wp-content\/uploads\/2022\/02\/banner2-1-300x269.jpg 300w\" sizes=\"(max-width: 335px) 100vw, 335px\" \/><\/strong><\/p>\n<p><strong>Address:<\/strong><br>\nG\u00fczelyal\u0131 Mahallesi Sahil Bulvar\u0131 Cadde 79\/2 Pendik, \u0130stanbul<\/p>\n<p><strong>Gsm:<br>\n<\/strong>+90 (532) 376 41 39<\/p>\n<p><strong>Mail:<br>\n<\/strong>info@saglamprefabrikist.com[\/vc_column_text][\/vc_column][\/vc_row][vc_row][vc_column][vc_empty_space][vc_text_separator title=\u201dMODULAR CABINS\u201d color=\u201dpeacoc\u201d][\/vc_column][\/vc_row][vc_row][vc_column width=\u201d1\/3\u2033][vc_empty_space][vc_column_text]<\/p>\n<p style=\"text-align: center;\"><strong>SAFETY CABINS<\/strong><\/p>\n<p>[\/vc_column_text][vc_single_image image=\u201d1640\u2033 img_size=\u201d350\u00d7250\u2033 onclick=\u201dlink_image\u201d][\/vc_column][vc_column width=\u201d1\/3\u2033][vc_empty_space][vc_column_text]<\/p>\n<p style=\"text-align: center;\"><b>SAFETY CABINS<\/b><\/p>\n<p>[\/vc_column_text][vc_single_image image=\u201d1639\u2033 img_size=\u201d350\u00d7250\u2033 onclick=\u201dlink_image\u201d][\/vc_column][vc_column width=\u201d1\/3\u2033][vc_empty_space][vc_column_text]<\/p>\n<p style=\"text-align: center;\"><b>SAFETY CABINS<\/b><\/p>\n<p>[\/vc_column_text][vc_single_image image=\u201d1638\u2033 img_size=\u201d350\u00d7250\u2033 onclick=\u201dlink_image\u201d][\/vc_column][\/vc_row][vc_row][vc_column width=\u201d1\/3\u2033][vc_empty_space][vc_column_text]<\/p>\n<p style=\"text-align: center;\"><b>SAFETY CABINS<\/b><\/p>\n<p>[\/vc_column_text][vc_single_image image=\u201d1637\u2033 img_size=\u201d350\u00d7250\u2033 onclick=\u201dlink_image\u201d][\/vc_column][vc_column width=\u201d1\/3\u2033][vc_empty_space][vc_column_text]<\/p>\n<p style=\"text-align: center;\"><b>SAFETY CABINS<\/b><\/p>\n<p>[\/vc_column_text][vc_single_image image=\u201d1636\u2033 img_size=\u201d350\u00d7250\u2033 onclick=\u201dlink_image\u201d][\/vc_column][vc_column width=\u201d1\/3\u2033][vc_empty_space][vc_column_text]<\/p>\n<p style=\"text-align: center;\"><b>SAFETY CABINS<\/b><\/p>\n<p>[\/vc_column_text][vc_single_image image=\u201d1635\u2033 img_size=\u201d350\u00d7250\u2033 onclick=\u201dlink_image\u201d][\/vc_column][\/vc_row]<\/p>\n<\/body>","protected":false},"excerpt":{"rendered":"<p>[vc_row][vc_column][vc_empty_space][\/vc_column][\/vc_row][vc_row][vc_column width=\u201d2\/3\u2033][vc_column_text] Modular Cabins Modular cabins are indispensable for public or private sectors. Cabins; \u2013 Surveillance and control point \u2013 Dashing booths \u2013 Kiosks \u2013 There are many places of use, such as public use WC.[\/vc_column_text][\/vc_column][vc_column width=\u201d1\/3\u2033 css=\u201d.vc_custom_1497581350887{border-left-width: 1px !important;border-left-color: #afafaf !important;border-left-style: dotted !important;}\u201d][vc_column_text] Address: G\u00fczelyal\u0131 Mahallesi Sahil Bulvar\u0131 Cadde 79\/2 Pendik, \u0130stanbul Gsm: +90 [&hellip;]<\/p>\n","protected":false},"author":1,"featured_media":0,"parent":0,"menu_order":0,"comment_status":"closed","ping_status":"closed","template":"","meta":{"om_disable_all_campaigns":false,"_monsterinsights_skip_tracking":false,"_monsterinsights_sitenote_active":false,"_monsterinsights_sitenote_note":"","_monsterinsights_sitenote_category":0,"footnotes":""},"class_list":["post-1633","page","type-page","status-publish","hentry","no-post-thumbnail"],"_links":{"self":[{"href":"https:\/\/www.saglamprefabrikist.com\/en\/wp-json\/wp\/v2\/pages\/1633"}],"collection":[{"href":"https:\/\/www.saglamprefabrikist.com\/en\/wp-json\/wp\/v2\/pages"}],"about":[{"href":"https:\/\/www.saglamprefabrikist.com\/en\/wp-json\/wp\/v2\/types\/page"}],"author":[{"embeddable":true,"href":"https:\/\/www.saglamprefabrikist.com\/en\/wp-json\/wp\/v2\/users\/1"}],"replies":[{"embeddable":true,"href":"https:\/\/www.saglamprefabrikist.com\/en\/wp-json\/wp\/v2\/comments?post=1633"}],"version-history":[{"count":1,"href":"https:\/\/www.saglamprefabrikist.com\/en\/wp-json\/wp\/v2\/pages\/1633\/revisions"}],"predecessor-version":[{"id":1641,"href":"https:\/\/www.saglamprefabrikist.com\/en\/wp-json\/wp\/v2\/pages\/1633\/revisions\/1641"}],"wp:attachment":[{"href":"https:\/\/www.saglamprefabrikist.com\/en\/wp-json\/wp\/v2\/media?parent=1633"}],"curies":[{"name":"wp","href":"https:\/\/api.w.org\/{rel}","templated":true}]}}