{"id":1604,"date":"2022-02-17T00:42:02","date_gmt":"2022-02-17T00:42:02","guid":{"rendered":"https:\/\/makrobilisim.net\/demo\/saglam\/?page_id=1604"},"modified":"2022-02-19T01:51:57","modified_gmt":"2022-02-19T01:51:57","slug":"hangarlar","status":"publish","type":"page","link":"https:\/\/www.saglamprefabrikist.com\/en\/hangarlar\/","title":{"rendered":"HANGAR"},"content":{"rendered":"<body><p><\/p>[vc_row][vc_column][vc_empty_space][\/vc_column][\/vc_row][vc_row][vc_column width=\u201d2\/3\u2033][vc_column_text]<img decoding=\"async\" class=\"alignnone size-full wp-image-1605\" src=\"https:\/\/makrobilisim.net\/demo\/saglam\/wp-content\/uploads\/2022\/02\/hangar.jpg\" alt=\"\" width=\"2308\" height=\"1148\" loading=\"lazy\" srcset=\"https:\/\/www.saglamprefabrikist.com\/wp-content\/uploads\/2022\/02\/hangar.jpg 2308w, https:\/\/www.saglamprefabrikist.com\/wp-content\/uploads\/2022\/02\/hangar-300x149.jpg 300w, https:\/\/www.saglamprefabrikist.com\/wp-content\/uploads\/2022\/02\/hangar-1024x509.jpg 1024w, https:\/\/www.saglamprefabrikist.com\/wp-content\/uploads\/2022\/02\/hangar-768x382.jpg 768w, https:\/\/www.saglamprefabrikist.com\/wp-content\/uploads\/2022\/02\/hangar-1536x764.jpg 1536w, https:\/\/www.saglamprefabrikist.com\/wp-content\/uploads\/2022\/02\/hangar-2048x1019.jpg 2048w, https:\/\/www.saglamprefabrikist.com\/wp-content\/uploads\/2022\/02\/hangar-555x276.jpg 555w, https:\/\/www.saglamprefabrikist.com\/wp-content\/uploads\/2022\/02\/hangar-1110x552.jpg 1110w, https:\/\/www.saglamprefabrikist.com\/wp-content\/uploads\/2022\/02\/hangar-600x298.jpg 600w, https:\/\/www.saglamprefabrikist.com\/wp-content\/uploads\/2022\/02\/hangar-1200x597.jpg 1200w\" sizes=\"(max-width: 2308px) 100vw, 2308px\" \/>[\/vc_column_text][\/vc_column][vc_column width=\u201d1\/3\u2033 css=\u201d.vc_custom_1497581350887{border-left-width: 1px !important;border-left-color: #afafaf !important;border-left-style: dotted !important;}\u201d][vc_column_text]<strong><img decoding=\"async\" class=\"alignnone size-full wp-image-1209\" src=\"https:\/\/makrobilisim.net\/demo\/saglam\/wp-content\/uploads\/2022\/02\/banner2-1.jpg\" alt=\"\" width=\"335\" height=\"300\" loading=\"lazy\" srcset=\"https:\/\/www.saglamprefabrikist.com\/wp-content\/uploads\/2022\/02\/banner2-1.jpg 335w, https:\/\/www.saglamprefabrikist.com\/wp-content\/uploads\/2022\/02\/banner2-1-300x269.jpg 300w\" sizes=\"(max-width: 335px) 100vw, 335px\" \/><\/strong>\n<p><strong>Address:<\/strong><br>\nG\u00fczelyal\u0131 Mahallesi Sahil Bulvar\u0131 Cadde 79\/2 Pendik, \u0130stanbul<\/p>\n<p><strong>Gsm:<br>\n<\/strong>+90 (532) 376 41 39<\/p>\n<p><strong>Mail:<br>\n<\/strong>info@saglamprefabrikist.com[\/vc_column_text][\/vc_column][\/vc_row][vc_row][vc_column][vc_empty_space][vc_text_separator title=\u201dHANGAR AND ITS PLANS\u201d color=\u201dpeacoc\u201d][\/vc_column][\/vc_row][vc_row][vc_column width=\u201d1\/3\u2033][vc_empty_space][vc_column_text]<\/p>\n<p style=\"text-align: center;\"><b>10X10 M\u00b2 HANGAR AND ITS PLAN<\/b><\/p>\n<p>[\/vc_column_text][vc_gallery interval=\u201d0\u2033 images=\u201d1607,1606\u2033 img_size=\u201dfull\u201d onclick=\u201d\u201d][\/vc_column][vc_column width=\u201d1\/3\u2033][vc_empty_space][vc_column_text]<\/p>\n<p style=\"text-align: center;\"><b>10X20 M\u00b2 HANGAR AND ITS PLAN<\/b><\/p>\n<p>[\/vc_column_text][vc_gallery interval=\u201d0\u2033 images=\u201d1608,1609\u2033 img_size=\u201dfull\u201d][\/vc_column][vc_column width=\u201d1\/3\u2033][vc_empty_space][vc_column_text]<\/p>\n<p style=\"text-align: center;\"><b>10X30 M\u00b2 HANGAR AND ITS PLAN<\/b><\/p>\n<p>[\/vc_column_text][vc_gallery interval=\u201d0\u2033 images=\u201d1611,1610\u2033 img_size=\u201dfull\u201d][\/vc_column][\/vc_row][vc_row][vc_column width=\u201d1\/3\u2033][vc_empty_space][vc_column_text]<\/p>\n<p style=\"text-align: center;\"><b>10X40 M\u00b2 HANGAR AND ITS PLAN<\/b><\/p>\n<p>[\/vc_column_text][vc_gallery interval=\u201d0\u2033 images=\u201d1613,1612\u2033 img_size=\u201dfull\u201d onclick=\u201d\u201d][\/vc_column][vc_column width=\u201d1\/3\u2033][vc_empty_space][vc_column_text]<\/p>\n<p style=\"text-align: center;\"><b>10X50 M\u00b2 HANGAR AND ITS PLAN<\/b><\/p>\n<p>[\/vc_column_text][vc_gallery interval=\u201d0\u2033 images=\u201d1614,1615\u2033 img_size=\u201dfull\u201d][\/vc_column][vc_column width=\u201d1\/3\u2033][vc_empty_space][vc_column_text]<\/p>\n<p style=\"text-align: center;\"><b>15X20 M\u00b2 HANGAR AND ITS PLAN<\/b><\/p>\n<p>[\/vc_column_text][vc_gallery interval=\u201d0\u2033 images=\u201d1617,1616\u2033 img_size=\u201dfull\u201d][\/vc_column][\/vc_row][vc_row][vc_column width=\u201d1\/3\u2033][vc_empty_space][vc_column_text]<\/p>\n<p style=\"text-align: center;\"><b>15X30 M\u00b2 HANGAR AND ITS PLAN<\/b><\/p>\n<p>[\/vc_column_text][vc_gallery interval=\u201d0\u2033 images=\u201d1619,1618\u2033 img_size=\u201dfull\u201d onclick=\u201d\u201d][\/vc_column][vc_column width=\u201d1\/3\u2033][vc_empty_space][vc_column_text]<\/p>\n<p style=\"text-align: center;\"><b>15X40 M\u00b2 HANGAR AND ITS PLAN<\/b><\/p>\n<p>[\/vc_column_text][vc_gallery interval=\u201d0\u2033 images=\u201d1621,1620\u2033 img_size=\u201dfull\u201d][\/vc_column][vc_column width=\u201d1\/3\u2033][vc_empty_space][vc_column_text]<\/p>\n<p style=\"text-align: center;\"><b>15X50 M\u00b2 HANGAR AND ITS PLAN<\/b><\/p>\n<p>[\/vc_column_text][vc_gallery interval=\u201d0\u2033 images=\u201d1623,1622\u2033 img_size=\u201dfull\u201d][\/vc_column][\/vc_row][vc_row][vc_column width=\u201d1\/3\u2033][vc_empty_space][vc_column_text]<\/p>\n<p style=\"text-align: center;\"><b>20X20 M\u00b2 HANGAR AND ITS PLAN<\/b><\/p>\n<p>[\/vc_column_text][vc_gallery interval=\u201d0\u2033 images=\u201d1625,1624\u2033 img_size=\u201dfull\u201d onclick=\u201d\u201d][\/vc_column][vc_column width=\u201d1\/3\u2033][vc_empty_space][vc_column_text]<\/p>\n<p style=\"text-align: center;\"><b>20X30 M\u00b2 HANGAR AND ITS PLAN<\/b><\/p>\n<p>[\/vc_column_text][vc_gallery interval=\u201d0\u2033 images=\u201d1626\u2033 img_size=\u201dfull\u201d][\/vc_column][vc_column width=\u201d1\/3\u2033][vc_empty_space][vc_column_text]<\/p>\n<p style=\"text-align: center;\"><b>20X40 M\u00b2 HANGAR AND ITS PLAN<\/b><\/p>\n<p>[\/vc_column_text][vc_gallery interval=\u201d0\u2033 images=\u201d1628,1627\u2033 img_size=\u201dfull\u201d][\/vc_column][\/vc_row][vc_row][vc_column width=\u201d1\/3\u2033][vc_empty_space][vc_column_text]<\/p>\n<p style=\"text-align: center;\"><b>20X50 M\u00b2 HANGAR AND ITS PLAN<\/b><\/p>\n<p>[\/vc_column_text][vc_gallery interval=\u201d0\u2033 images=\u201d1630,1629\u2033 img_size=\u201dfull\u201d onclick=\u201d\u201d][\/vc_column][\/vc_row]<\/p>\n<\/body>","protected":false},"excerpt":{"rendered":"<p>[vc_row][vc_column][vc_empty_space][\/vc_column][\/vc_row][vc_row][vc_column width=\u201d2\/3\u2033][vc_column_text][\/vc_column_text][\/vc_column][vc_column width=\u201d1\/3\u2033 css=\u201d.vc_custom_1497581350887{border-left-width: 1px !important;border-left-color: #afafaf !important;border-left-style: dotted !important;}\u201d][vc_column_text] Address: G\u00fczelyal\u0131 Mahallesi Sahil Bulvar\u0131 Cadde 79\/2 Pendik, \u0130stanbul Gsm: +90 (532) 376 41 39 Mail: info@saglamprefabrikist.com[\/vc_column_text][\/vc_column][\/vc_row][vc_row][vc_column][vc_empty_space][vc_text_separator title=\u201dHANGAR AND ITS PLANS\u201d color=\u201dpeacoc\u201d][\/vc_column][\/vc_row][vc_row][vc_column width=\u201d1\/3\u2033][vc_empty_space][vc_column_text] 10X10 M\u00b2 HANGAR AND ITS PLAN [\/vc_column_text][vc_gallery interval=\u201d0\u2033 images=\u201d1607,1606\u2033 img_size=\u201dfull\u201d onclick=\u201d\u201d][\/vc_column][vc_column width=\u201d1\/3\u2033][vc_empty_space][vc_column_text] 10X20 M\u00b2 HANGAR AND ITS PLAN [\/vc_column_text][vc_gallery interval=\u201d0\u2033 images=\u201d1608,1609\u2033 img_size=\u201dfull\u201d][\/vc_column][vc_column [&hellip;]<\/p>\n","protected":false},"author":1,"featured_media":0,"parent":0,"menu_order":0,"comment_status":"closed","ping_status":"closed","template":"","meta":{"om_disable_all_campaigns":false,"_monsterinsights_skip_tracking":false,"_monsterinsights_sitenote_active":false,"_monsterinsights_sitenote_note":"","_monsterinsights_sitenote_category":0,"footnotes":""},"class_list":["post-1604","page","type-page","status-publish","hentry","no-post-thumbnail"],"_links":{"self":[{"href":"https:\/\/www.saglamprefabrikist.com\/en\/wp-json\/wp\/v2\/pages\/1604"}],"collection":[{"href":"https:\/\/www.saglamprefabrikist.com\/en\/wp-json\/wp\/v2\/pages"}],"about":[{"href":"https:\/\/www.saglamprefabrikist.com\/en\/wp-json\/wp\/v2\/types\/page"}],"author":[{"embeddable":true,"href":"https:\/\/www.saglamprefabrikist.com\/en\/wp-json\/wp\/v2\/users\/1"}],"replies":[{"embeddable":true,"href":"https:\/\/www.saglamprefabrikist.com\/en\/wp-json\/wp\/v2\/comments?post=1604"}],"version-history":[{"count":2,"href":"https:\/\/www.saglamprefabrikist.com\/en\/wp-json\/wp\/v2\/pages\/1604\/revisions"}],"predecessor-version":[{"id":1719,"href":"https:\/\/www.saglamprefabrikist.com\/en\/wp-json\/wp\/v2\/pages\/1604\/revisions\/1719"}],"wp:attachment":[{"href":"https:\/\/www.saglamprefabrikist.com\/en\/wp-json\/wp\/v2\/media?parent=1604"}],"curies":[{"name":"wp","href":"https:\/\/api.w.org\/{rel}","templated":true}]}}