{"id":1584,"date":"2022-02-17T00:27:47","date_gmt":"2022-02-17T00:27:47","guid":{"rendered":"https:\/\/makrobilisim.net\/demo\/saglam\/?page_id=1584"},"modified":"2022-02-19T01:48:06","modified_gmt":"2022-02-19T01:48:06","slug":"konteyner-dus","status":"publish","type":"page","link":"https:\/\/www.saglamprefabrikist.com\/en\/konteyner-dus\/","title":{"rendered":"CONTAINER SHOWER"},"content":{"rendered":"<body><p><\/p>[vc_row][vc_column][vc_empty_space][\/vc_column][\/vc_row][vc_row][vc_column width=\u201d2\/3\u2033][vc_column_text]<img decoding=\"async\" class=\"alignnone size-full wp-image-1585\" src=\"https:\/\/makrobilisim.net\/demo\/saglam\/wp-content\/uploads\/2022\/02\/konteyner-dus.jpg\" alt=\"\" width=\"1024\" height=\"600\" loading=\"lazy\" srcset=\"https:\/\/www.saglamprefabrikist.com\/wp-content\/uploads\/2022\/02\/konteyner-dus.jpg 1024w, https:\/\/www.saglamprefabrikist.com\/wp-content\/uploads\/2022\/02\/konteyner-dus-300x176.jpg 300w, https:\/\/www.saglamprefabrikist.com\/wp-content\/uploads\/2022\/02\/konteyner-dus-768x450.jpg 768w, https:\/\/www.saglamprefabrikist.com\/wp-content\/uploads\/2022\/02\/konteyner-dus-555x325.jpg 555w, https:\/\/www.saglamprefabrikist.com\/wp-content\/uploads\/2022\/02\/konteyner-dus-600x352.jpg 600w\" sizes=\"(max-width: 1024px) 100vw, 1024px\" \/>Container Solutions Containers are indispensable, practical and economical housing areas of work<br>\nareas such as construction sites. We have alternative solutions suitable for all kinds of needs. Our<br>\ncontainers, which are preferred in labor and oil camps, military camps, refugee camps, are ready<br>\nto meet all kinds of needs, whether it is short-term mobilization or permanent construction.<br>\nPlease contact us immediately for housing and living areas suitable for your needs such as<br>\ncontainer office, dining hall, dormitory, lodging. We are always with you with our quality and<br>\naffordable solutions.[\/vc_column_text][\/vc_column][vc_column width=\u201d1\/3\u2033 css=\u201d.vc_custom_1497581350887{border-left-width: 1px !important;border-left-color: #afafaf !important;border-left-style: dotted !important;}\u201d][vc_column_text]<strong><img decoding=\"async\" class=\"alignnone size-full wp-image-1209\" src=\"https:\/\/makrobilisim.net\/demo\/saglam\/wp-content\/uploads\/2022\/02\/banner2-1.jpg\" alt=\"\" width=\"335\" height=\"300\" loading=\"lazy\" srcset=\"https:\/\/www.saglamprefabrikist.com\/wp-content\/uploads\/2022\/02\/banner2-1.jpg 335w, https:\/\/www.saglamprefabrikist.com\/wp-content\/uploads\/2022\/02\/banner2-1-300x269.jpg 300w\" sizes=\"(max-width: 335px) 100vw, 335px\" \/><\/strong>\n<p><strong>Address:<\/strong><br>\nG\u00fczelyal\u0131 Mahallesi Sahil Bulvar\u0131 Cadde 79\/2 Pendik, \u0130stanbul<\/p>\n<p><strong>Gsm:<br>\n<\/strong>+90 (532) 376 41 39<\/p>\n<p><strong>Mail:<br>\n<\/strong>info@saglamprefabrikist.com[\/vc_column_text][\/vc_column][\/vc_row][vc_row][vc_column][vc_empty_space][vc_text_separator title=\u201dDISASSEMBLED SHOWER AND ITS PLANS\u201d color=\u201dpeacoc\u201d][\/vc_column][\/vc_row][vc_row][vc_column width=\u201d1\/3\u2033][vc_empty_space][vc_column_text]<\/p>\n<p style=\"text-align: center;\"><b>240X300 CONTAINER WC-SHOWER AND ITS PLAN<\/b><\/p>\n<p>[\/vc_column_text][vc_gallery interval=\u201d0\u2033 images=\u201d1586,1587\u2033 img_size=\u201dfull\u201d onclick=\u201d\u201d][\/vc_column][vc_column width=\u201d1\/3\u2033][vc_empty_space][vc_column_text]<\/p>\n<p style=\"text-align: center;\"><b>240X400 CONTAINER WC-SHOWER AND ITS PLAN<\/b><\/p>\n<p>[\/vc_column_text][vc_gallery interval=\u201d0\u2033 images=\u201d1589,1588\u2033 img_size=\u201dfull\u201d][\/vc_column][vc_column width=\u201d1\/3\u2033][vc_empty_space][vc_column_text]<\/p>\n<p style=\"text-align: center;\"><b>240X500 CONTAINER WC-SHOWER AND ITS PLAN<\/b><\/p>\n<p>[\/vc_column_text][vc_gallery interval=\u201d0\u2033 images=\u201d1591,1590\u2033 img_size=\u201dfull\u201d][\/vc_column][\/vc_row][vc_row][vc_column width=\u201d1\/3\u2033][vc_empty_space][vc_column_text]<\/p>\n<p style=\"text-align: center;\"><b>240X600 CONTAINER WC-SHOWER AND ITS PLAN<\/b><\/p>\n<p>[\/vc_column_text][vc_gallery interval=\u201d0\u2033 images=\u201d1593,1592\u2033 img_size=\u201dfull\u201d onclick=\u201d\u201d][\/vc_column][vc_column width=\u201d1\/3\u2033][vc_empty_space][vc_column_text]<\/p>\n<p style=\"text-align: center;\"><b>300X400 CONTAINER WC-SHOWER AND ITS PLAN<\/b><\/p>\n<p>[\/vc_column_text][vc_gallery interval=\u201d0\u2033 images=\u201d1595,1594\u2033 img_size=\u201dfull\u201d][\/vc_column][vc_column width=\u201d1\/3\u2033][vc_empty_space][vc_column_text]<\/p>\n<p style=\"text-align: center;\"><b>300X500 CONTAINER WC-SHOWER AND ITS PLAN<\/b><\/p>\n<p>[\/vc_column_text][vc_gallery interval=\u201d0\u2033 images=\u201d1597,1596\u2033 img_size=\u201dfull\u201d][\/vc_column][\/vc_row][vc_row][vc_column width=\u201d1\/3\u2033][vc_empty_space][vc_column_text]<\/p>\n<p style=\"text-align: center;\"><b>300X600 CONTAINER WC-SHOWER AND ITS PLAN<\/b><\/p>\n<p>[\/vc_column_text][vc_gallery interval=\u201d0\u2033 images=\u201d1598,1599\u2033 img_size=\u201dfull\u201d onclick=\u201d\u201d][\/vc_column][vc_column width=\u201d1\/3\u2033][vc_empty_space][vc_column_text]<\/p>\n<p style=\"text-align: center;\"><b>300X700 CONTAINER WC-SHOWER AND ITS PLAN<\/b><\/p>\n<p>[\/vc_column_text][vc_gallery interval=\u201d0\u2033 images=\u201d1601,1600\u2033 img_size=\u201dfull\u201d][\/vc_column][\/vc_row]<\/p>\n<\/body>","protected":false},"excerpt":{"rendered":"<p>[vc_row][vc_column][vc_empty_space][\/vc_column][\/vc_row][vc_row][vc_column width=\u201d2\/3\u2033][vc_column_text]Container Solutions Containers are indispensable, practical and economical housing areas of work areas such as construction sites. We have alternative solutions suitable for all kinds of needs. Our containers, which are preferred in labor and oil camps, military camps, refugee camps, are ready to meet all kinds of needs, whether it is short-term mobilization [&hellip;]<\/p>\n","protected":false},"author":1,"featured_media":0,"parent":0,"menu_order":0,"comment_status":"closed","ping_status":"closed","template":"","meta":{"om_disable_all_campaigns":false,"_monsterinsights_skip_tracking":false,"_monsterinsights_sitenote_active":false,"_monsterinsights_sitenote_note":"","_monsterinsights_sitenote_category":0,"footnotes":""},"class_list":["post-1584","page","type-page","status-publish","hentry","no-post-thumbnail"],"_links":{"self":[{"href":"https:\/\/www.saglamprefabrikist.com\/en\/wp-json\/wp\/v2\/pages\/1584"}],"collection":[{"href":"https:\/\/www.saglamprefabrikist.com\/en\/wp-json\/wp\/v2\/pages"}],"about":[{"href":"https:\/\/www.saglamprefabrikist.com\/en\/wp-json\/wp\/v2\/types\/page"}],"author":[{"embeddable":true,"href":"https:\/\/www.saglamprefabrikist.com\/en\/wp-json\/wp\/v2\/users\/1"}],"replies":[{"embeddable":true,"href":"https:\/\/www.saglamprefabrikist.com\/en\/wp-json\/wp\/v2\/comments?post=1584"}],"version-history":[{"count":2,"href":"https:\/\/www.saglamprefabrikist.com\/en\/wp-json\/wp\/v2\/pages\/1584\/revisions"}],"predecessor-version":[{"id":1718,"href":"https:\/\/www.saglamprefabrikist.com\/en\/wp-json\/wp\/v2\/pages\/1584\/revisions\/1718"}],"wp:attachment":[{"href":"https:\/\/www.saglamprefabrikist.com\/en\/wp-json\/wp\/v2\/media?parent=1584"}],"curies":[{"name":"wp","href":"https:\/\/api.w.org\/{rel}","templated":true}]}}