{"id":1562,"date":"2022-02-17T00:06:45","date_gmt":"2022-02-17T00:06:45","guid":{"rendered":"https:\/\/makrobilisim.net\/demo\/saglam\/?page_id=1562"},"modified":"2022-02-17T00:06:54","modified_gmt":"2022-02-17T00:06:54","slug":"konteyner-ev","status":"publish","type":"page","link":"https:\/\/www.saglamprefabrikist.com\/en\/konteyner-ev\/","title":{"rendered":"CONTAINER HOUSE"},"content":{"rendered":"<body><p><\/p>[vc_row][vc_column][vc_empty_space][\/vc_column][\/vc_row][vc_row][vc_column width=\u201d2\/3\u2033][vc_column_text]<img decoding=\"async\" class=\"alignnone size-full wp-image-1565\" src=\"https:\/\/makrobilisim.net\/demo\/saglam\/wp-content\/uploads\/2022\/02\/1-15.jpg\" alt=\"\" width=\"589\" height=\"414\" loading=\"lazy\" srcset=\"https:\/\/www.saglamprefabrikist.com\/wp-content\/uploads\/2022\/02\/1-15.jpg 589w, https:\/\/www.saglamprefabrikist.com\/wp-content\/uploads\/2022\/02\/1-15-300x211.jpg 300w, https:\/\/www.saglamprefabrikist.com\/wp-content\/uploads\/2022\/02\/1-15-555x390.jpg 555w\" sizes=\"(max-width: 589px) 100vw, 589px\" \/>\n<p>Container Solutions Containers are indispensable, practical and economical housing areas of work<br>\nareas such as construction sites. We have alternative solutions suitable for all kinds of needs. Our<br>\ncontainers, which are preferred in labor and oil camps, military camps, refugee camps, are ready<br>\nto meet all kinds of needs, whether it is short-term mobilization or permanent construction.<br>\nPlease contact us immediately for housing and living areas suitable for your needs such as<br>\ncontainer office, dining hall, dormitory, lodging. We are always with you with our quality and<br>\naffordable solutions.[\/vc_column_text][\/vc_column][vc_column width=\u201d1\/3\u2033 css=\u201d.vc_custom_1497581350887{border-left-width: 1px !important;border-left-color: #afafaf !important;border-left-style: dotted !important;}\u201d][vc_column_text]<strong><img decoding=\"async\" class=\"alignnone size-full wp-image-1209\" src=\"https:\/\/makrobilisim.net\/demo\/saglam\/wp-content\/uploads\/2022\/02\/banner2-1.jpg\" alt=\"\" width=\"335\" height=\"300\" loading=\"lazy\" srcset=\"https:\/\/www.saglamprefabrikist.com\/wp-content\/uploads\/2022\/02\/banner2-1.jpg 335w, https:\/\/www.saglamprefabrikist.com\/wp-content\/uploads\/2022\/02\/banner2-1-300x269.jpg 300w\" sizes=\"(max-width: 335px) 100vw, 335px\" \/><\/strong><\/p>\n<p><strong>Address:<\/strong><br>\nG\u00fczelyal\u0131 Mahallesi Sahil Bulvar\u0131 Cadde 79\/2 Pendik, \u0130stanbul<\/p>\n<p><strong>Gsm:<br>\n<\/strong>+90 (532) 376 41 39<\/p>\n<p><strong>Mail:<br>\n<\/strong>info@saglamprefabrikist.com[\/vc_column_text][\/vc_column][\/vc_row][vc_row][vc_column][vc_empty_space][vc_text_separator title=\u201dCONTAINER HOUSE AND PLANS\u201d color=\u201dpeacoc\u201d][\/vc_column][\/vc_row][vc_row][vc_column width=\u201d1\/3\u2033][vc_empty_space][vc_column_text]<\/p>\n<p style=\"text-align: center;\"><b>CONTAINER HOUSE<\/b><\/p>\n<p>[\/vc_column_text][vc_single_image image=\u201d1564\u2033 img_size=\u201d350\u00d7250\u2033 onclick=\u201dlink_image\u201d][\/vc_column][vc_column width=\u201d1\/3\u2033][vc_empty_space][vc_column_text]<\/p>\n<p style=\"text-align: center;\"><b>CONTAINER HOUSE<\/b><\/p>\n<p>[\/vc_column_text][vc_single_image image=\u201d1565\u2033 img_size=\u201d350\u00d7250\u2033 onclick=\u201dlink_image\u201d][\/vc_column][vc_column width=\u201d1\/3\u2033][vc_empty_space][vc_column_text]<\/p>\n<p style=\"text-align: center;\"><b>CONTAINER HOUSE<\/b><\/p>\n<p>[\/vc_column_text][vc_single_image image=\u201d1563\u2033 img_size=\u201d350\u00d7250\u2033 onclick=\u201dlink_image\u201d][\/vc_column][\/vc_row]<\/p>\n<\/body>","protected":false},"excerpt":{"rendered":"<p>[vc_row][vc_column][vc_empty_space][\/vc_column][\/vc_row][vc_row][vc_column width=\u201d2\/3\u2033][vc_column_text] Container Solutions Containers are indispensable, practical and economical housing areas of work areas such as construction sites. We have alternative solutions suitable for all kinds of needs. Our containers, which are preferred in labor and oil camps, military camps, refugee camps, are ready to meet all kinds of needs, whether it is short-term [&hellip;]<\/p>\n","protected":false},"author":1,"featured_media":0,"parent":0,"menu_order":0,"comment_status":"closed","ping_status":"closed","template":"","meta":{"om_disable_all_campaigns":false,"_monsterinsights_skip_tracking":false,"_monsterinsights_sitenote_active":false,"_monsterinsights_sitenote_note":"","_monsterinsights_sitenote_category":0,"footnotes":""},"class_list":["post-1562","page","type-page","status-publish","hentry","no-post-thumbnail"],"_links":{"self":[{"href":"https:\/\/www.saglamprefabrikist.com\/en\/wp-json\/wp\/v2\/pages\/1562"}],"collection":[{"href":"https:\/\/www.saglamprefabrikist.com\/en\/wp-json\/wp\/v2\/pages"}],"about":[{"href":"https:\/\/www.saglamprefabrikist.com\/en\/wp-json\/wp\/v2\/types\/page"}],"author":[{"embeddable":true,"href":"https:\/\/www.saglamprefabrikist.com\/en\/wp-json\/wp\/v2\/users\/1"}],"replies":[{"embeddable":true,"href":"https:\/\/www.saglamprefabrikist.com\/en\/wp-json\/wp\/v2\/comments?post=1562"}],"version-history":[{"count":1,"href":"https:\/\/www.saglamprefabrikist.com\/en\/wp-json\/wp\/v2\/pages\/1562\/revisions"}],"predecessor-version":[{"id":1566,"href":"https:\/\/www.saglamprefabrikist.com\/en\/wp-json\/wp\/v2\/pages\/1562\/revisions\/1566"}],"wp:attachment":[{"href":"https:\/\/www.saglamprefabrikist.com\/en\/wp-json\/wp\/v2\/media?parent=1562"}],"curies":[{"name":"wp","href":"https:\/\/api.w.org\/{rel}","templated":true}]}}