{"id":1494,"date":"2022-02-16T23:38:50","date_gmt":"2022-02-16T23:38:50","guid":{"rendered":"https:\/\/makrobilisim.net\/demo\/saglam\/?page_id=1494"},"modified":"2022-02-19T01:44:22","modified_gmt":"2022-02-19T01:44:22","slug":"standart-konteyner","status":"publish","type":"page","link":"https:\/\/www.saglamprefabrikist.com\/en\/standart-konteyner\/","title":{"rendered":"STANDARD CONTAINER"},"content":{"rendered":"<body><p><\/p>[vc_row][vc_column][vc_empty_space][\/vc_column][\/vc_row][vc_row][vc_column width=\u201d2\/3\u2033][vc_column_text]<img decoding=\"async\" class=\"alignnone size-full wp-image-1496\" src=\"https:\/\/makrobilisim.net\/demo\/saglam\/wp-content\/uploads\/2022\/02\/konteyner.jpg\" alt=\"\" width=\"500\" height=\"390\" loading=\"lazy\" srcset=\"https:\/\/www.saglamprefabrikist.com\/wp-content\/uploads\/2022\/02\/konteyner.jpg 500w, https:\/\/www.saglamprefabrikist.com\/wp-content\/uploads\/2022\/02\/konteyner-300x234.jpg 300w\" sizes=\"(max-width: 500px) 100vw, 500px\" \/>\n<p>Container Solutions Containers are indispensable, practical and economical housing areas of work<br>\nareas such as construction sites. We have alternative solutions suitable for all kinds of needs. Our<br>\ncontainers, which are preferred in labor and oil camps, military camps, refugee camps, are ready<br>\nto meet all kinds of needs, whether it is short-term mobilization or permanent construction.<br>\nPlease contact us immediately for housing and living areas suitable for your needs such as<br>\ncontainer office, dining hall, dormitory, lodging. We are always with you with our quality and<br>\naffordable solutions.[\/vc_column_text][\/vc_column][vc_column width=\u201d1\/3\u2033 css=\u201d.vc_custom_1497581350887{border-left-width: 1px !important;border-left-color: #afafaf !important;border-left-style: dotted !important;}\u201d][vc_column_text]<strong><img decoding=\"async\" class=\"alignnone size-full wp-image-1209\" src=\"https:\/\/makrobilisim.net\/demo\/saglam\/wp-content\/uploads\/2022\/02\/banner2-1.jpg\" alt=\"\" width=\"335\" height=\"300\" loading=\"lazy\" srcset=\"https:\/\/www.saglamprefabrikist.com\/wp-content\/uploads\/2022\/02\/banner2-1.jpg 335w, https:\/\/www.saglamprefabrikist.com\/wp-content\/uploads\/2022\/02\/banner2-1-300x269.jpg 300w\" sizes=\"(max-width: 335px) 100vw, 335px\" \/><\/strong><\/p>\n<p><strong>Address:<\/strong><br>\nG\u00fczelyal\u0131 Mahallesi Sahil Bulvar\u0131 Cadde 79\/2 Pendik, \u0130stanbul<\/p>\n<p><strong>Gsm:<br>\n<\/strong>+90 (532) 376 41 39<\/p>\n<p><strong>Mail:<br>\n<\/strong>info@saglamprefabrikist.com[\/vc_column_text][\/vc_column][\/vc_row][vc_row][vc_column][vc_empty_space][vc_text_separator title=\u201dSTANDARD CONTAINERS AND ITS PLANS\u201d color=\u201dpeacoc\u201d][\/vc_column][\/vc_row][vc_row][vc_column width=\u201d1\/3\u2033][vc_empty_space][vc_column_text]<\/p>\n<p style=\"text-align: center;\"><b>E101 STANDARD CONTAINER AND ITS PLAN<\/b><\/p>\n<p>[\/vc_column_text][vc_gallery interval=\u201d0\u2033 images=\u201d1498,1497\u2033 img_size=\u201dfull\u201d onclick=\u201d\u201d][\/vc_column][vc_column width=\u201d1\/3\u2033][vc_empty_space][vc_column_text]<\/p>\n<p style=\"text-align: center;\"><b>E102 STANDARD CONTAINER AND ITS PLAN<\/b><\/p>\n<p>[\/vc_column_text][vc_gallery interval=\u201d0\u2033 images=\u201d1500,1499\u2033 img_size=\u201dfull\u201d][\/vc_column][vc_column width=\u201d1\/3\u2033][vc_empty_space][vc_column_text]<\/p>\n<p style=\"text-align: center;\"><b>E103 STANDARD CONTAINER AND ITS PLAN<\/b><\/p>\n<p>[\/vc_column_text][vc_gallery interval=\u201d0\u2033 images=\u201d1502,1501\u2033 img_size=\u201dfull\u201d][\/vc_column][\/vc_row][vc_row][vc_column width=\u201d1\/3\u2033][vc_empty_space][vc_column_text]<\/p>\n<p style=\"text-align: center;\"><b>E201 STANDARD CONTAINER AND ITS PLAN<\/b><\/p>\n<p>[\/vc_column_text][vc_gallery interval=\u201d0\u2033 images=\u201d1504,1503\u2033 img_size=\u201dfull\u201d onclick=\u201d\u201d][\/vc_column][vc_column width=\u201d1\/3\u2033][vc_empty_space][vc_column_text]<\/p>\n<p style=\"text-align: center;\"><b>E202 STANDARD CONTAINER AND ITS PLAN<\/b><\/p>\n<p>[\/vc_column_text][vc_gallery interval=\u201d0\u2033 images=\u201d1506,1505\u2033 img_size=\u201dfull\u201d][\/vc_column][vc_column width=\u201d1\/3\u2033][vc_empty_space][vc_column_text]<\/p>\n<p style=\"text-align: center;\"><b>E203 STANDARD CONTAINER AND ITS PLAN<\/b><\/p>\n<p>[\/vc_column_text][vc_gallery interval=\u201d0\u2033 images=\u201d1508,1507\u2033 img_size=\u201dfull\u201d][\/vc_column][\/vc_row][vc_row][vc_column width=\u201d1\/3\u2033][vc_empty_space][vc_column_text]<\/p>\n<p style=\"text-align: center;\"><b>E204 STANDARD CONTAINER AND ITS PLAN<\/b><\/p>\n<p>[\/vc_column_text][vc_gallery interval=\u201d0\u2033 images=\u201d1510,1509\u2033 img_size=\u201dfull\u201d onclick=\u201d\u201d][\/vc_column][vc_column width=\u201d1\/3\u2033][vc_empty_space][vc_column_text]<\/p>\n<p style=\"text-align: center;\"><b>E205 STANDARD CONTAINER AND ITS PLAN<\/b><\/p>\n<p>[\/vc_column_text][vc_gallery interval=\u201d0\u2033 images=\u201d1512,1511\u2033 img_size=\u201dfull\u201d][\/vc_column][vc_column width=\u201d1\/3\u2033][vc_empty_space][vc_column_text]<\/p>\n<p style=\"text-align: center;\"><b>E301 STANDARD CONTAINER AND ITS PLAN<\/b><\/p>\n<p>[\/vc_column_text][vc_gallery interval=\u201d0\u2033 images=\u201d1514,1513\u2033 img_size=\u201dfull\u201d][\/vc_column][\/vc_row][vc_row][vc_column width=\u201d1\/3\u2033][vc_empty_space][vc_column_text]<\/p>\n<p style=\"text-align: center;\"><b>E302 STANDARD CONTAINER AND ITS PLAN<\/b><\/p>\n<p>[\/vc_column_text][vc_gallery interval=\u201d0\u2033 images=\u201d1516,1515\u2033 img_size=\u201dfull\u201d onclick=\u201d\u201d][\/vc_column][vc_column width=\u201d1\/3\u2033][vc_empty_space][vc_column_text]<\/p>\n<p style=\"text-align: center;\"><b>E303 STANDARD CONTAINER AND ITS PLAN<\/b><\/p>\n<p>[\/vc_column_text][vc_gallery interval=\u201d0\u2033 images=\u201d1518,1517\u2033 img_size=\u201dfull\u201d][\/vc_column][vc_column width=\u201d1\/3\u2033][vc_empty_space][vc_column_text]<\/p>\n<p style=\"text-align: center;\"><b>E305 STANDARD CONTAINER AND ITS PLAN<\/b><\/p>\n<p>[\/vc_column_text][vc_gallery interval=\u201d0\u2033 images=\u201d1520,1519\u2033 img_size=\u201dfull\u201d][\/vc_column][\/vc_row][vc_row][vc_column width=\u201d1\/3\u2033][vc_empty_space][vc_column_text]<\/p>\n<p style=\"text-align: center;\"><b>E306 STANDARD CONTAINER AND ITS PLAN<\/b><\/p>\n<p>[\/vc_column_text][vc_gallery interval=\u201d0\u2033 images=\u201d1522,1521\u2033 img_size=\u201dfull\u201d onclick=\u201d\u201d][\/vc_column][vc_column width=\u201d1\/3\u2033][vc_empty_space][vc_column_text]<\/p>\n<p style=\"text-align: center;\"><b>E701 STANDARD CONTAINER AND ITS PLAN<\/b><\/p>\n<p>[\/vc_column_text][vc_gallery interval=\u201d0\u2033 images=\u201d1524,1523\u2033 img_size=\u201dfull\u201d][\/vc_column][\/vc_row]<\/p>\n<\/body>","protected":false},"excerpt":{"rendered":"<p>[vc_row][vc_column][vc_empty_space][\/vc_column][\/vc_row][vc_row][vc_column width=\u201d2\/3\u2033][vc_column_text] Container Solutions Containers are indispensable, practical and economical housing areas of work areas such as construction sites. We have alternative solutions suitable for all kinds of needs. Our containers, which are preferred in labor and oil camps, military camps, refugee camps, are ready to meet all kinds of needs, whether it is short-term [&hellip;]<\/p>\n","protected":false},"author":1,"featured_media":0,"parent":0,"menu_order":0,"comment_status":"closed","ping_status":"closed","template":"","meta":{"om_disable_all_campaigns":false,"_monsterinsights_skip_tracking":false,"_monsterinsights_sitenote_active":false,"_monsterinsights_sitenote_note":"","_monsterinsights_sitenote_category":0,"footnotes":""},"class_list":["post-1494","page","type-page","status-publish","hentry","no-post-thumbnail"],"_links":{"self":[{"href":"https:\/\/www.saglamprefabrikist.com\/en\/wp-json\/wp\/v2\/pages\/1494"}],"collection":[{"href":"https:\/\/www.saglamprefabrikist.com\/en\/wp-json\/wp\/v2\/pages"}],"about":[{"href":"https:\/\/www.saglamprefabrikist.com\/en\/wp-json\/wp\/v2\/types\/page"}],"author":[{"embeddable":true,"href":"https:\/\/www.saglamprefabrikist.com\/en\/wp-json\/wp\/v2\/users\/1"}],"replies":[{"embeddable":true,"href":"https:\/\/www.saglamprefabrikist.com\/en\/wp-json\/wp\/v2\/comments?post=1494"}],"version-history":[{"count":4,"href":"https:\/\/www.saglamprefabrikist.com\/en\/wp-json\/wp\/v2\/pages\/1494\/revisions"}],"predecessor-version":[{"id":1714,"href":"https:\/\/www.saglamprefabrikist.com\/en\/wp-json\/wp\/v2\/pages\/1494\/revisions\/1714"}],"wp:attachment":[{"href":"https:\/\/www.saglamprefabrikist.com\/en\/wp-json\/wp\/v2\/media?parent=1494"}],"curies":[{"name":"wp","href":"https:\/\/api.w.org\/{rel}","templated":true}]}}