{"id":1479,"date":"2022-02-16T23:24:22","date_gmt":"2022-02-16T23:24:22","guid":{"rendered":"https:\/\/makrobilisim.net\/demo\/saglam\/?page_id=1479"},"modified":"2022-02-16T23:24:22","modified_gmt":"2022-02-16T23:24:22","slug":"tek-katli-prefabrik-dus","status":"publish","type":"page","link":"https:\/\/www.saglamprefabrikist.com\/en\/tek-katli-prefabrik-dus\/","title":{"rendered":"ONE STOREY PREFABRICATED SHOWER"},"content":{"rendered":"<body><p><\/p>[vc_row][vc_column][vc_empty_space][\/vc_column][\/vc_row][vc_row][vc_column width=\u201d2\/3\u2033][vc_column_text]<img decoding=\"async\" class=\"alignnone size-full wp-image-1481\" src=\"https:\/\/makrobilisim.net\/demo\/saglam\/wp-content\/uploads\/2022\/02\/dus.jpg\" alt=\"\" width=\"500\" height=\"390\" loading=\"lazy\" srcset=\"https:\/\/www.saglamprefabrikist.com\/wp-content\/uploads\/2022\/02\/dus.jpg 500w, https:\/\/www.saglamprefabrikist.com\/wp-content\/uploads\/2022\/02\/dus-300x234.jpg 300w\" sizes=\"(max-width: 500px) 100vw, 500px\" \/>\n<p>Areas where Prefabricated Structures are Used<br>\n\u2013 Emergency settlement buildings<br>\n\u2013 Educational buildings<br>\n\u2013 Office buildings<br>\n\u2013 Health buildings<br>\n\u2013 Social facilities<br>\n\u2013 Shower buildings<br>\n\u2013 Dormitory buildings<br>\n\u2013 Refectory buildings[\/vc_column_text][\/vc_column][vc_column width=\u201d1\/3\u2033 css=\u201d.vc_custom_1497581350887{border-left-width: 1px !important;border-left-color: #afafaf !important;border-left-style: dotted !important;}\u201d][vc_column_text]<strong><img decoding=\"async\" class=\"alignnone size-full wp-image-1209\" src=\"https:\/\/makrobilisim.net\/demo\/saglam\/wp-content\/uploads\/2022\/02\/banner2-1.jpg\" alt=\"\" width=\"335\" height=\"300\" loading=\"lazy\" srcset=\"https:\/\/www.saglamprefabrikist.com\/wp-content\/uploads\/2022\/02\/banner2-1.jpg 335w, https:\/\/www.saglamprefabrikist.com\/wp-content\/uploads\/2022\/02\/banner2-1-300x269.jpg 300w\" sizes=\"(max-width: 335px) 100vw, 335px\" \/><\/strong><\/p>\n<p><strong>Address:<\/strong><br>\nG\u00fczelyal\u0131 Mahallesi Sahil Bulvar\u0131 Cadde 79\/2 Pendik, \u0130stanbul<\/p>\n<p><strong>Gsm:<br>\n<\/strong>+90 (532) 376 41 39<\/p>\n<p><strong>Mail:<br>\n<\/strong>info@saglamprefabrikist.com[\/vc_column_text][\/vc_column][\/vc_row][vc_row][vc_column][vc_empty_space][vc_text_separator title=\u201dONE STOREY PREFABRICATED SHOWER AND ITS PLANS\u201d color=\u201dpeacoc\u201d][\/vc_column][\/vc_row][vc_row][vc_column width=\u201d1\/3\u2033][vc_empty_space][vc_column_text]<\/p>\n<p style=\"text-align: center;\"><b>39 M\u00b2 ONE STOREY PREFABRICATED SHOWER AND ITS PLAN<\/b><\/p>\n<p>[\/vc_column_text][vc_gallery interval=\u201d0\u2033 images=\u201d1482,1483\u2033 img_size=\u201dfull\u201d onclick=\u201d\u201d][\/vc_column][vc_column width=\u201d1\/3\u2033][vc_empty_space][vc_column_text]<\/p>\n<p style=\"text-align: center;\"><b>52 M\u00b2 ONE STOREY PREFABRICATED SHOWER AND ITS PLAN<\/b><\/p>\n<p>[\/vc_column_text][vc_gallery interval=\u201d0\u2033 images=\u201d1485,1484\u2033 img_size=\u201dfull\u201d][\/vc_column][vc_column width=\u201d1\/3\u2033][vc_empty_space][vc_column_text]<\/p>\n<p style=\"text-align: center;\"><b>78 M\u00b2 ONE STOREY PREFABRICATED SHOWER AND ITS PLAN<\/b><\/p>\n<p>[\/vc_column_text][vc_gallery interval=\u201d0\u2033 images=\u201d1487,1486\u2033 img_size=\u201dfull\u201d][\/vc_column][\/vc_row][vc_row][vc_column width=\u201d1\/3\u2033][vc_empty_space][vc_column_text]<\/p>\n<p style=\"text-align: center;\"><b>97 M\u00b2 ONE STOREY PREFABRICATED SHOWER AND ITS PLAN<\/b><\/p>\n<p>[\/vc_column_text][vc_gallery interval=\u201d0\u2033 images=\u201d1489,1488\u2033 img_size=\u201dfull\u201d onclick=\u201d\u201d][\/vc_column][vc_column width=\u201d1\/3\u2033][vc_empty_space][vc_column_text]<\/p>\n<p style=\"text-align: center;\"><b>97 M\u00b2 ONE STOREY PREFABRICATED SHOWER AND ITS PLAN<\/b><\/p>\n<p>[\/vc_column_text][vc_gallery interval=\u201d0\u2033 images=\u201d1490,1491\u2033 img_size=\u201dfull\u201d][\/vc_column][\/vc_row]<\/p>\n<\/body>","protected":false},"excerpt":{"rendered":"<p>[vc_row][vc_column][vc_empty_space][\/vc_column][\/vc_row][vc_row][vc_column width=\u201d2\/3\u2033][vc_column_text] Areas where Prefabricated Structures are Used \u2013 Emergency settlement buildings \u2013 Educational buildings \u2013 Office buildings \u2013 Health buildings \u2013 Social facilities \u2013 Shower buildings \u2013 Dormitory buildings \u2013 Refectory buildings[\/vc_column_text][\/vc_column][vc_column width=\u201d1\/3\u2033 css=\u201d.vc_custom_1497581350887{border-left-width: 1px !important;border-left-color: #afafaf !important;border-left-style: dotted !important;}\u201d][vc_column_text] Address: G\u00fczelyal\u0131 Mahallesi Sahil Bulvar\u0131 Cadde 79\/2 Pendik, \u0130stanbul Gsm: +90 (532) 376 41 [&hellip;]<\/p>\n","protected":false},"author":1,"featured_media":0,"parent":0,"menu_order":0,"comment_status":"closed","ping_status":"closed","template":"","meta":{"om_disable_all_campaigns":false,"_monsterinsights_skip_tracking":false,"_monsterinsights_sitenote_active":false,"_monsterinsights_sitenote_note":"","_monsterinsights_sitenote_category":0,"footnotes":""},"class_list":["post-1479","page","type-page","status-publish","hentry","no-post-thumbnail"],"_links":{"self":[{"href":"https:\/\/www.saglamprefabrikist.com\/en\/wp-json\/wp\/v2\/pages\/1479"}],"collection":[{"href":"https:\/\/www.saglamprefabrikist.com\/en\/wp-json\/wp\/v2\/pages"}],"about":[{"href":"https:\/\/www.saglamprefabrikist.com\/en\/wp-json\/wp\/v2\/types\/page"}],"author":[{"embeddable":true,"href":"https:\/\/www.saglamprefabrikist.com\/en\/wp-json\/wp\/v2\/users\/1"}],"replies":[{"embeddable":true,"href":"https:\/\/www.saglamprefabrikist.com\/en\/wp-json\/wp\/v2\/comments?post=1479"}],"version-history":[{"count":1,"href":"https:\/\/www.saglamprefabrikist.com\/en\/wp-json\/wp\/v2\/pages\/1479\/revisions"}],"predecessor-version":[{"id":1492,"href":"https:\/\/www.saglamprefabrikist.com\/en\/wp-json\/wp\/v2\/pages\/1479\/revisions\/1492"}],"wp:attachment":[{"href":"https:\/\/www.saglamprefabrikist.com\/en\/wp-json\/wp\/v2\/media?parent=1479"}],"curies":[{"name":"wp","href":"https:\/\/api.w.org\/{rel}","templated":true}]}}