{"id":1457,"date":"2022-02-16T23:00:08","date_gmt":"2022-02-16T23:00:08","guid":{"rendered":"https:\/\/makrobilisim.net\/demo\/saglam\/?page_id=1457"},"modified":"2022-02-16T23:15:29","modified_gmt":"2022-02-16T23:15:29","slug":"prefabrik-yatakhane","status":"publish","type":"page","link":"https:\/\/www.saglamprefabrikist.com\/en\/prefabrik-yatakhane\/","title":{"rendered":"PREFABRICATED DORMITORY"},"content":{"rendered":"<body><p><\/p>[vc_row][vc_column][vc_empty_space][\/vc_column][\/vc_row][vc_row][vc_column width=\u201d2\/3\u2033][vc_column_text]<img decoding=\"async\" class=\"alignnone size-full wp-image-1245\" src=\"https:\/\/makrobilisim.net\/demo\/saglam\/wp-content\/uploads\/2022\/02\/8.jpg\" alt=\"\" width=\"800\" height=\"700\" loading=\"lazy\" srcset=\"https:\/\/www.saglamprefabrikist.com\/wp-content\/uploads\/2022\/02\/8.jpg 800w, https:\/\/www.saglamprefabrikist.com\/wp-content\/uploads\/2022\/02\/8-300x263.jpg 300w, https:\/\/www.saglamprefabrikist.com\/wp-content\/uploads\/2022\/02\/8-768x672.jpg 768w, https:\/\/www.saglamprefabrikist.com\/wp-content\/uploads\/2022\/02\/8-555x486.jpg 555w, https:\/\/www.saglamprefabrikist.com\/wp-content\/uploads\/2022\/02\/8-600x525.jpg 600w\" sizes=\"(max-width: 800px) 100vw, 800px\" \/>Areas where Prefabricated Structures are Used<br>\n\u2013 Emergency settlement buildings<br>\n\u2013 Educational buildings<br>\n\u2013 Office buildings<br>\n\u2013 Health buildings<br>\n\u2013 Social facilities<br>\n\u2013 Shower buildings<br>\n\u2013 Dormitory buildings<br>\n\u2013 Refectory buildings[\/vc_column_text][\/vc_column][vc_column width=\u201d1\/3\u2033 css=\u201d.vc_custom_1497581350887{border-left-width: 1px !important;border-left-color: #afafaf !important;border-left-style: dotted !important;}\u201d][vc_column_text]<strong><img decoding=\"async\" class=\"alignnone size-full wp-image-1209\" src=\"https:\/\/makrobilisim.net\/demo\/saglam\/wp-content\/uploads\/2022\/02\/banner2-1.jpg\" alt=\"\" width=\"335\" height=\"300\" loading=\"lazy\" srcset=\"https:\/\/www.saglamprefabrikist.com\/wp-content\/uploads\/2022\/02\/banner2-1.jpg 335w, https:\/\/www.saglamprefabrikist.com\/wp-content\/uploads\/2022\/02\/banner2-1-300x269.jpg 300w\" sizes=\"(max-width: 335px) 100vw, 335px\" \/><\/strong>\n<p><strong>Address:<\/strong><br>\nG\u00fczelyal\u0131 Mahallesi Sahil Bulvar\u0131 Cadde 79\/2 Pendik, \u0130stanbul<\/p>\n<p><strong>Gsm:<br>\n<\/strong>+90 (532) 376 41 39<\/p>\n<p><strong>Mail:<br>\n<\/strong>info@saglamprefabrikist.com[\/vc_column_text][\/vc_column][\/vc_row][vc_row][vc_column][vc_empty_space][vc_text_separator title=\u201dONE STOREY PREFABRICATED DORMITORIES\u201d color=\u201dpeacoc\u201d][\/vc_column][\/vc_row][vc_row][vc_column width=\u201d1\/3\u2033][vc_empty_space][vc_column_text]<\/p>\n<p style=\"text-align: center;\"><b>52\u00a0 M\u00b2 ONE STOREY PREFABRICATED DORMITORIES<\/b><\/p>\n<p>[\/vc_column_text][vc_single_image image=\u201d1459\u2033 img_size=\u201d350\u00d7250\u2033 onclick=\u201dlink_image\u201d][\/vc_column][vc_column width=\u201d1\/3\u2033][vc_empty_space][vc_column_text]<\/p>\n<p style=\"text-align: center;\"><b>59 M\u00b2 ONE STOREY PREFABRICATED DORMITORIES<\/b><\/p>\n<p>[\/vc_column_text][vc_single_image image=\u201d1468\u2033 img_size=\u201d350\u00d7250\u2033 onclick=\u201dlink_image\u201d][\/vc_column][vc_column width=\u201d1\/3\u2033][vc_empty_space][vc_column_text]<\/p>\n<p style=\"text-align: center;\"><b>102\u00a0 M\u00b2 ONE STOREY PREFABRICATED DORMITORIES<\/b><\/p>\n<p>[\/vc_column_text][vc_single_image image=\u201d1469\u2033 img_size=\u201d350\u00d7250\u2033 onclick=\u201dlink_image\u201d][\/vc_column][\/vc_row][vc_row][vc_column width=\u201d1\/3\u2033][vc_empty_space][vc_column_text]<\/p>\n<p style=\"text-align: center;\"><b>102\u00a0 M\u00b2 ONE STOREY PREFABRICATED DORMITORIES<\/b><\/p>\n<p>[\/vc_column_text][vc_single_image image=\u201d1470\u2033 img_size=\u201d350\u00d7250\u2033 onclick=\u201dlink_image\u201d][\/vc_column][vc_column width=\u201d1\/3\u2033][vc_empty_space][vc_column_text]<\/p>\n<p style=\"text-align: center;\"><b>124\u00a0 M\u00b2 ONE STOREY PREFABRICATED DORMITORIES<\/b><\/p>\n<p>[\/vc_column_text][vc_single_image image=\u201d1471\u2033 img_size=\u201d350\u00d7250\u2033 onclick=\u201dlink_image\u201d][\/vc_column][vc_column width=\u201d1\/3\u2033][vc_empty_space][vc_column_text]<\/p>\n<p style=\"text-align: center;\"><b>146\u00a0 M\u00b2 ONE STOREY PREFABRICATED DORMITORIES<\/b><\/p>\n<p>[\/vc_column_text][vc_single_image image=\u201d1472\u2033 img_size=\u201d350\u00d7250\u2033 onclick=\u201dlink_image\u201d][\/vc_column][\/vc_row][vc_row][vc_column width=\u201d1\/3\u2033][vc_empty_space][vc_column_text]<\/p>\n<p style=\"text-align: center;\"><b>159\u00a0 M\u00b2 ONE STOREY PREFABRICATED DORMITORIES<\/b><\/p>\n<p>[\/vc_column_text][vc_single_image image=\u201d1473\u2033 img_size=\u201d350\u00d7250\u2033 onclick=\u201dlink_image\u201d][\/vc_column][vc_column width=\u201d1\/3\u2033][vc_empty_space][vc_column_text]<\/p>\n<p style=\"text-align: center;\"><b>175\u00a0 M\u00b2 ONE STOREY PREFABRICATED DORMITORIES<\/b><\/p>\n<p>[\/vc_column_text][vc_single_image image=\u201d1474\u2033 img_size=\u201d350\u00d7250\u2033 onclick=\u201dlink_image\u201d][\/vc_column][vc_column width=\u201d1\/3\u2033][vc_empty_space][vc_column_text]<\/p>\n<p style=\"text-align: center;\"><b>203\u00a0 M\u00b2 ONE STOREY PREFABRICATED DORMITORIES<\/b><\/p>\n<p>[\/vc_column_text][vc_single_image image=\u201d1475\u2033 img_size=\u201d350\u00d7250\u2033 onclick=\u201dlink_image\u201d][\/vc_column][\/vc_row][vc_row][vc_column width=\u201d1\/3\u2033][vc_empty_space][vc_column_text]<\/p>\n<p style=\"text-align: center;\"><b>271\u00a0 M\u00b2 ONE STOREY PREFABRICATED DORMITORIES<\/b><\/p>\n<p>[\/vc_column_text][vc_single_image image=\u201d1476\u2033 img_size=\u201d350\u00d7250\u2033 onclick=\u201dlink_image\u201d][\/vc_column][vc_column width=\u201d1\/3\u2033][vc_empty_space][vc_column_text]<\/p>\n<p style=\"text-align: center;\"><b>733\u00a0 M\u00b2 ONE STOREY PREFABRICATED DORMITORIES<\/b><\/p>\n<p>[\/vc_column_text][vc_single_image image=\u201d1477\u2033 img_size=\u201d350\u00d7250\u2033 onclick=\u201dlink_image\u201d][\/vc_column][\/vc_row]<\/p>\n<\/body>","protected":false},"excerpt":{"rendered":"<p>[vc_row][vc_column][vc_empty_space][\/vc_column][\/vc_row][vc_row][vc_column width=\u201d2\/3\u2033][vc_column_text]Areas where Prefabricated Structures are Used \u2013 Emergency settlement buildings \u2013 Educational buildings \u2013 Office buildings \u2013 Health buildings \u2013 Social facilities \u2013 Shower buildings \u2013 Dormitory buildings \u2013 Refectory buildings[\/vc_column_text][\/vc_column][vc_column width=\u201d1\/3\u2033 css=\u201d.vc_custom_1497581350887{border-left-width: 1px !important;border-left-color: #afafaf !important;border-left-style: dotted !important;}\u201d][vc_column_text] Address: G\u00fczelyal\u0131 Mahallesi Sahil Bulvar\u0131 Cadde 79\/2 Pendik, \u0130stanbul Gsm: +90 (532) 376 41 39 [&hellip;]<\/p>\n","protected":false},"author":1,"featured_media":0,"parent":0,"menu_order":0,"comment_status":"closed","ping_status":"closed","template":"","meta":{"om_disable_all_campaigns":false,"_monsterinsights_skip_tracking":false,"_monsterinsights_sitenote_active":false,"_monsterinsights_sitenote_note":"","_monsterinsights_sitenote_category":0,"footnotes":""},"class_list":["post-1457","page","type-page","status-publish","hentry","no-post-thumbnail"],"_links":{"self":[{"href":"https:\/\/www.saglamprefabrikist.com\/en\/wp-json\/wp\/v2\/pages\/1457"}],"collection":[{"href":"https:\/\/www.saglamprefabrikist.com\/en\/wp-json\/wp\/v2\/pages"}],"about":[{"href":"https:\/\/www.saglamprefabrikist.com\/en\/wp-json\/wp\/v2\/types\/page"}],"author":[{"embeddable":true,"href":"https:\/\/www.saglamprefabrikist.com\/en\/wp-json\/wp\/v2\/users\/1"}],"replies":[{"embeddable":true,"href":"https:\/\/www.saglamprefabrikist.com\/en\/wp-json\/wp\/v2\/comments?post=1457"}],"version-history":[{"count":7,"href":"https:\/\/www.saglamprefabrikist.com\/en\/wp-json\/wp\/v2\/pages\/1457\/revisions"}],"predecessor-version":[{"id":1478,"href":"https:\/\/www.saglamprefabrikist.com\/en\/wp-json\/wp\/v2\/pages\/1457\/revisions\/1478"}],"wp:attachment":[{"href":"https:\/\/www.saglamprefabrikist.com\/en\/wp-json\/wp\/v2\/media?parent=1457"}],"curies":[{"name":"wp","href":"https:\/\/api.w.org\/{rel}","templated":true}]}}