{"id":1356,"date":"2022-02-15T02:56:36","date_gmt":"2022-02-15T02:56:36","guid":{"rendered":"https:\/\/makrobilisim.net\/demo\/saglam\/?page_id=1356"},"modified":"2022-02-15T03:05:10","modified_gmt":"2022-02-15T03:05:10","slug":"cift-katli-prefabrik-ev","status":"publish","type":"page","link":"https:\/\/www.saglamprefabrikist.com\/en\/cift-katli-prefabrik-ev\/","title":{"rendered":"DOUBLE-STOREY PREFABRICATED HOUSE"},"content":{"rendered":"<body><p><\/p>[vc_row][vc_column][vc_empty_space][\/vc_column][\/vc_row][vc_row][vc_column width=\u201d2\/3\u2033][vc_column_text]<img decoding=\"async\" class=\"alignnone size-full wp-image-1237\" src=\"https:\/\/makrobilisim.net\/demo\/saglam\/wp-content\/uploads\/2022\/02\/51.jpg\" alt=\"\" width=\"800\" height=\"700\" loading=\"lazy\" srcset=\"https:\/\/www.saglamprefabrikist.com\/wp-content\/uploads\/2022\/02\/51.jpg 800w, https:\/\/www.saglamprefabrikist.com\/wp-content\/uploads\/2022\/02\/51-300x263.jpg 300w, https:\/\/www.saglamprefabrikist.com\/wp-content\/uploads\/2022\/02\/51-768x672.jpg 768w, https:\/\/www.saglamprefabrikist.com\/wp-content\/uploads\/2022\/02\/51-555x486.jpg 555w, https:\/\/www.saglamprefabrikist.com\/wp-content\/uploads\/2022\/02\/51-600x525.jpg 600w\" sizes=\"(max-width: 800px) 100vw, 800px\" \/>\n<p><strong>Advantages of Prefabricated House<\/strong><br>\n\u2013 Prefabricated houses are flexible and lightweight structures, they are resistant to earthquakes<br>\nand all kinds of natural conditions.<br>\n\u2013 Maintenance costs are low in prefabricated houses.<br>\n\u2013 Prefabricated houses can be designed with architecturally desired features.<br>\n\u2013 The facade cladding material used in prefabricated houses fibercement a1 class does not burn, is<br>\nnot affected by water, does not contain any substances harmful to humans and the environment.<br>\nOptional decorative applications with wood pattern, stone and brick texture can be made on<br>\nfacade coatings.<br>\n\u2013 The manufacturing and assembly time in prefabricated houses is short.<br>\n\u2013 Depending on the climatic features of the region to be installed in prefabricated houses, the<br>\nnecessary static calculations and thermal insulation calculations are performed.<br>\n\u2013 After-sales service and warranty are available for prefabricated houses.<br>\n.[\/vc_column_text][\/vc_column][vc_column width=\u201d1\/3\u2033 css=\u201d.vc_custom_1497581350887{border-left-width: 1px !important;border-left-color: #afafaf !important;border-left-style: dotted !important;}\u201d][vc_column_text]<strong><img decoding=\"async\" class=\"alignnone size-full wp-image-1209\" src=\"https:\/\/makrobilisim.net\/demo\/saglam\/wp-content\/uploads\/2022\/02\/banner2-1.jpg\" alt=\"\" width=\"335\" height=\"300\" loading=\"lazy\" srcset=\"https:\/\/www.saglamprefabrikist.com\/wp-content\/uploads\/2022\/02\/banner2-1.jpg 335w, https:\/\/www.saglamprefabrikist.com\/wp-content\/uploads\/2022\/02\/banner2-1-300x269.jpg 300w\" sizes=\"(max-width: 335px) 100vw, 335px\" \/><\/strong><\/p>\n<p><strong>Address:<\/strong><br>\nG\u00fczelyal\u0131 Mahallesi Sahil Bulvar\u0131 Cadde 79\/2 Pendik, \u0130stanbul<\/p>\n<p><strong>Gsm:<br>\n<\/strong>+90 (532) 376 41 39<\/p>\n<p><strong>Mail:<br>\n<\/strong>info@saglamprefabrikist.com[\/vc_column_text][\/vc_column][\/vc_row][vc_row][vc_column][vc_empty_space][vc_text_separator title=\u201dDOUBLE-STOREY PREFABRICATED HOUSES AND ITS PLANS\u201d color=\u201dpeacoc\u201d][\/vc_column][\/vc_row][vc_row][vc_column width=\u201d1\/3\u2033][vc_empty_space][vc_column_text]<\/p>\n<p style=\"text-align: center;\"><b>80 M\u00b2 DOUBLE-STOREY PREFABRICATED HOUSE AND ITS PLAN<\/b><\/p>\n<p>[\/vc_column_text][vc_gallery interval=\u201d0\u2033 images=\u201d1358,1357\u2033 img_size=\u201dfull\u201d][\/vc_column][vc_column width=\u201d1\/3\u2033][vc_empty_space][vc_column_text]<\/p>\n<p style=\"text-align: center;\"><b>86 M\u00b2 DOUBLE-STOREY PREFABRICATED HOUSE AND ITS PLAN<\/b><\/p>\n<p>[\/vc_column_text][vc_gallery interval=\u201d0\u2033 images=\u201d1360,1359\u2033 img_size=\u201dfull\u201d][\/vc_column][vc_column width=\u201d1\/3\u2033][vc_empty_space][vc_column_text]<\/p>\n<p style=\"text-align: center;\"><b>100 M\u00b2 DOUBLE-STOREY PREFABRICATED HOUSE AND ITS PLAN<\/b><\/p>\n<p>[\/vc_column_text][vc_gallery interval=\u201d0\u2033 images=\u201d1362,1361\u2033 img_size=\u201dfull\u201d][\/vc_column][\/vc_row][vc_row][vc_column width=\u201d1\/3\u2033][vc_empty_space][vc_column_text]<\/p>\n<p style=\"text-align: center;\"><b>105 M\u00b2 DOUBLE-STOREY PREFABRICATED HOUSE AND ITS PLAN<\/b><\/p>\n<p>[\/vc_column_text][vc_gallery interval=\u201d0\u2033 images=\u201d1366,1365\u2033 img_size=\u201dfull\u201d][\/vc_column][vc_column width=\u201d1\/3\u2033][vc_empty_space][vc_column_text]<\/p>\n<p style=\"text-align: center;\"><b>114 M\u00b2 DOUBLE-STOREY PREFABRICATED HOUSE AND ITS PLAN<\/b><\/p>\n<p>[\/vc_column_text][vc_gallery interval=\u201d0\u2033 images=\u201d1368,1367\u2033 img_size=\u201dfull\u201d][\/vc_column][vc_column width=\u201d1\/3\u2033][vc_empty_space][vc_column_text]<\/p>\n<p style=\"text-align: center;\"><b>114 M\u00b2 DOUBLE-STOREY PREFABRICATED HOUSE AND ITS PLAN<\/b><\/p>\n<p>[\/vc_column_text][vc_gallery interval=\u201d0\u2033 images=\u201d1370,1369\u2033 img_size=\u201dfull\u201d][\/vc_column][\/vc_row][vc_row][vc_column width=\u201d1\/3\u2033][vc_empty_space][vc_column_text]<\/p>\n<p style=\"text-align: center;\"><b>115 M\u00b2 DOUBLE-STOREY PREFABRICATED HOUSE AND ITS PLAN<\/b><\/p>\n<p>[\/vc_column_text][vc_gallery interval=\u201d0\u2033 images=\u201d1372,1371\u2033 img_size=\u201dfull\u201d][\/vc_column][vc_column width=\u201d1\/3\u2033][vc_empty_space][vc_column_text]<\/p>\n<p style=\"text-align: center;\"><b>122 M\u00b2 DOUBLE-STOREY PREFABRICATED HOUSE AND ITS PLAN<\/b><\/p>\n<p>[\/vc_column_text][vc_gallery interval=\u201d0\u2033 images=\u201d1374,1373\u2033 img_size=\u201dfull\u201d][\/vc_column][vc_column width=\u201d1\/3\u2033][vc_empty_space][vc_column_text]<\/p>\n<p style=\"text-align: center;\"><b>131 M\u00b2 DOUBLE-STOREY PREFABRICATED HOUSE AND ITS PLAN<\/b><\/p>\n<p>[\/vc_column_text][vc_gallery interval=\u201d0\u2033 images=\u201d1376,1375\u2033 img_size=\u201dfull\u201d][\/vc_column][\/vc_row][vc_row][vc_column width=\u201d1\/3\u2033][vc_empty_space][vc_column_text]<\/p>\n<p style=\"text-align: center;\"><b>131 M\u00b2 DOUBLE-STOREY PREFABRICATED HOUSE AND ITS PLAN<\/b><\/p>\n<p>[\/vc_column_text][vc_gallery interval=\u201d0\u2033 images=\u201d1378,1377\u2033 img_size=\u201dfull\u201d][\/vc_column][vc_column width=\u201d1\/3\u2033][vc_empty_space][vc_column_text]<\/p>\n<p style=\"text-align: center;\"><b>141 M\u00b2 DOUBLE-STOREY PREFABRICATED HOUSE AND ITS PLAN<\/b><\/p>\n<p>[\/vc_column_text][vc_gallery interval=\u201d0\u2033 images=\u201d1380,1379\u2033 img_size=\u201dfull\u201d][\/vc_column][vc_column width=\u201d1\/3\u2033][vc_empty_space][vc_column_text]<\/p>\n<p style=\"text-align: center;\"><b>150 M\u00b2 DOUBLE-STOREY PREFABRICATED HOUSE AND ITS PLAN<\/b><\/p>\n<p>[\/vc_column_text][vc_gallery interval=\u201d0\u2033 images=\u201d1382,1381\u2033 img_size=\u201dfull\u201d][\/vc_column][\/vc_row]<\/p>\n<\/body>","protected":false},"excerpt":{"rendered":"<p>[vc_row][vc_column][vc_empty_space][\/vc_column][\/vc_row][vc_row][vc_column width=\u201d2\/3\u2033][vc_column_text] Advantages of Prefabricated House \u2013 Prefabricated houses are flexible and lightweight structures, they are resistant to earthquakes and all kinds of natural conditions. \u2013 Maintenance costs are low in prefabricated houses. \u2013 Prefabricated houses can be designed with architecturally desired features. \u2013 The facade cladding material used in prefabricated houses fibercement a1 class [&hellip;]<\/p>\n","protected":false},"author":1,"featured_media":0,"parent":0,"menu_order":0,"comment_status":"closed","ping_status":"closed","template":"","meta":{"om_disable_all_campaigns":false,"_monsterinsights_skip_tracking":false,"_monsterinsights_sitenote_active":false,"_monsterinsights_sitenote_note":"","_monsterinsights_sitenote_category":0,"footnotes":""},"class_list":["post-1356","page","type-page","status-publish","hentry","no-post-thumbnail"],"_links":{"self":[{"href":"https:\/\/www.saglamprefabrikist.com\/en\/wp-json\/wp\/v2\/pages\/1356"}],"collection":[{"href":"https:\/\/www.saglamprefabrikist.com\/en\/wp-json\/wp\/v2\/pages"}],"about":[{"href":"https:\/\/www.saglamprefabrikist.com\/en\/wp-json\/wp\/v2\/types\/page"}],"author":[{"embeddable":true,"href":"https:\/\/www.saglamprefabrikist.com\/en\/wp-json\/wp\/v2\/users\/1"}],"replies":[{"embeddable":true,"href":"https:\/\/www.saglamprefabrikist.com\/en\/wp-json\/wp\/v2\/comments?post=1356"}],"version-history":[{"count":3,"href":"https:\/\/www.saglamprefabrikist.com\/en\/wp-json\/wp\/v2\/pages\/1356\/revisions"}],"predecessor-version":[{"id":1384,"href":"https:\/\/www.saglamprefabrikist.com\/en\/wp-json\/wp\/v2\/pages\/1356\/revisions\/1384"}],"wp:attachment":[{"href":"https:\/\/www.saglamprefabrikist.com\/en\/wp-json\/wp\/v2\/media?parent=1356"}],"curies":[{"name":"wp","href":"https:\/\/api.w.org\/{rel}","templated":true}]}}